{"id":356,"date":"2023-02-25T13:57:50","date_gmt":"2023-02-25T12:57:50","guid":{"rendered":"https:\/\/dfma.de\/?page_id=356"},"modified":"2023-02-25T14:06:07","modified_gmt":"2023-02-25T13:06:07","slug":"dfma-fuer-planung-produktion-bis-einkauf","status":"publish","type":"page","link":"https:\/\/dfma.de\/en\/dfma-fuer-planung-produktion-bis-einkauf\/","title":{"rendered":"DFMA f\u00fcr Planung Produktion bis Einkauf"},"content":{"rendered":"<p>[et_pb_section fb_built=&#187;1&#8243; admin_label=&#187;Page Title Section&#187; _builder_version=&#187;4.19.5&#8243; _module_preset=&#187;default&#187; use_background_color_gradient=&#187;on&#187; background_color_gradient_direction=&#187;100deg&#187; background_color_gradient_stops=&#187;#6b73ff 0%|#007ab9 100%&#187; background_color_gradient_start=&#187;#6b73ff&#187; background_color_gradient_end=&#187;#000dff&#187; background_image=&#187;https:\/\/dfma.de\/wp-content\/uploads\/2022\/06\/section-bg-heptagon-right2.png&#187; custom_padding=&#187;100px||100px|&#187; global_colors_info=&#187;{}&#187; theme_builder_area=&#187;post_content&#187;][et_pb_row admin_label=&#187;Page Title Area&#187; _builder_version=&#187;4.16&#8243; _module_preset=&#187;default&#187; global_colors_info=&#187;{}&#187; theme_builder_area=&#187;post_content&#187;][et_pb_column type=&#187;4_4&#8243; _builder_version=&#187;4.16&#8243; _module_preset=&#187;default&#187; custom_padding=&#187;|||&#187; global_colors_info=&#187;{}&#187; custom_padding__hover=&#187;|||&#187; theme_builder_area=&#187;post_content&#187;][et_pb_text admin_label=&#187;Title&#187; _builder_version=&#187;4.19.5&#8243; _module_preset=&#187;default&#187; text_font=&#187;Poppins||||||||&#187; text_font_size=&#187;18px&#187; text_line_height=&#187;1.8em&#187; header_font=&#187;Poppins|600|||||||&#187; header_font_size=&#187;48px&#187; header_2_font=&#187;||||||||&#187; text_orientation=&#187;center&#187; background_layout=&#187;dark&#187; max_width=&#187;700px&#187; module_alignment=&#187;center&#187; custom_margin=&#187;|||&#187; animation_style=&#187;fade&#187; hover_enabled=&#187;0&#8243; global_colors_info=&#187;{}&#187; theme_builder_area=&#187;post_content&#187; sticky_enabled=&#187;0&#8243;]<\/p>\n<h1>DFMA f\u00fcr Planung Produktion bis Einkauf<\/h1>\n<p>[\/et_pb_text][\/et_pb_column][\/et_pb_row][\/et_pb_section][et_pb_section fb_built=&#187;1&#8243; admin_label=&#187;Feature Section&#187; _builder_version=&#187;4.19.5&#8243; _module_preset=&#187;default&#187; background_color_gradient_direction=&#187;90deg&#187; background_image=&#187;https:\/\/dfma.de\/wp-content\/uploads\/2022\/06\/section-bg-circle-left3.png&#187; background_position=&#187;bottom_center&#187; custom_padding=&#187;89px||90px|&#187; hover_enabled=&#187;0&#8243; global_colors_info=&#187;{}&#187; theme_builder_area=&#187;post_content&#187; background_enable_color=&#187;off&#187; sticky_enabled=&#187;0&#8243;][et_pb_row _builder_version=&#187;4.19.5&#8243; _module_preset=&#187;default&#187; hover_enabled=&#187;0&#8243; global_colors_info=&#187;{}&#187; column_structure=&#187;1_2,1_2&#8243; theme_builder_area=&#187;post_content&#187; make_equal=&#187;on&#187; sticky_enabled=&#187;0&#8243;][et_pb_column type=&#187;1_2&#8243; _builder_version=&#187;4.19.5&#8243; _module_preset=&#187;default&#187; hover_enabled=&#187;0&#8243; global_colors_info=&#187;{}&#187; theme_builder_area=&#187;post_content&#187; custom_css_main_element=&#187;margin: auto;&#187; sticky_enabled=&#187;0&#8243;][et_pb_image src=&#187;https:\/\/dfma.de\/wp-content\/uploads\/2023\/02\/dfma.png&#187; _builder_version=&#187;4.19.5&#8243; _module_preset=&#187;default&#187; theme_builder_area=&#187;post_content&#187; title_text=&#187;dfma&#187; hover_enabled=&#187;0&#8243; sticky_enabled=&#187;0&#8243;][\/et_pb_image][\/et_pb_column][et_pb_column type=&#187;1_2&#8243; _builder_version=&#187;4.19.5&#8243; _module_preset=&#187;default&#187; hover_enabled=&#187;0&#8243; global_colors_info=&#187;{}&#187; theme_builder_area=&#187;post_content&#187; sticky_enabled=&#187;0&#8243;][et_pb_text admin_label=&#187;Title&#187; _builder_version=&#187;4.19.5&#8243; _module_preset=&#187;default&#187; text_font=&#187;Poppins||||||||&#187; text_font_size=&#187;16px&#187; text_line_height=&#187;1.8em&#187; header_font=&#187;||||||||&#187; header_2_font=&#187;Poppins|600|||||||&#187; header_2_text_align=&#187;left&#187; header_2_font_size=&#187;36px&#187; header_2_line_height=&#187;1.4em&#187; module_alignment=&#187;center&#187; custom_margin=&#187;||||false|false&#187; animation_style=&#187;slide&#187; animation_direction=&#187;top&#187; animation_intensity_slide=&#187;10%&#187; animation_starting_opacity=&#187;100%&#187; hover_enabled=&#187;0&#8243; global_colors_info=&#187;{}&#187; theme_builder_area=&#187;post_content&#187; sticky_enabled=&#187;0&#8243;]<\/p>\n<p>Ob in der Planung AVOR, Produktion oder Einkauf sind das nicht die Bereiche, welche ein enormes Kostenwissen haben Diesen wird die Arbeit wesentlich erleichtert durch dieses pr\u00e4ventive Agieren mit den Ingenieuren der Produkte-Entwicklung.<\/p>\n<p>Produktkomplexit\u00e4ten werden viel fr\u00fcher Analysiert, dabei Montage und Herstellprobleme sichtbar. \u00abProblem erkannt L\u00f6sung gefunden\u00bb wer kennt das nicht aus der Praxis. Wie entscheidend ist es jedoch daf\u00fcr die effiziente Systematik zu haben um die knappen Zeit &#8211; Ressourcen optimal einsetzen zu k\u00f6nnen?<\/p>\n<p>Komplexit\u00e4ten, Probleme in der Montage bis zu Herstellung der Einzelteile mit deren Werkzeugen werden sichtbar und auch quantifiziert. Dabei hilft die umfangreichen Kostentreiber verkn\u00fcpft mit den Datenbank and Kostenwissen, was den Experten erm\u00f6glicht schneller und systematischer zu agieren <\/p>\n<p>[\/et_pb_text][\/et_pb_column][\/et_pb_row][\/et_pb_section][et_pb_section fb_built=&#187;1&#8243; admin_label=&#187;Feature Section&#187; _builder_version=&#187;4.19.5&#8243; _module_preset=&#187;default&#187; background_color=&#187;#f7f7f7&#8243; background_color_gradient_direction=&#187;90deg&#187; background_image=&#187;https:\/\/dfma.de\/wp-content\/uploads\/2022\/06\/section-bg-heptagon-right2.png&#187; background_position=&#187;bottom_center&#187; background_vertical_offset=&#187;-97%&#187; custom_padding=&#187;89px||90px|&#187; global_colors_info=&#187;{}&#187; theme_builder_area=&#187;post_content&#187;][et_pb_row _builder_version=&#187;4.17.4&#8243; _module_preset=&#187;default&#187; global_colors_info=&#187;{}&#187; theme_builder_area=&#187;post_content&#187;][et_pb_column type=&#187;4_4&#8243; _builder_version=&#187;4.17.4&#8243; _module_preset=&#187;default&#187; global_colors_info=&#187;{}&#187; theme_builder_area=&#187;post_content&#187;][et_pb_text admin_label=&#187;Title&#187; _builder_version=&#187;4.19.5&#8243; _module_preset=&#187;default&#187; text_font=&#187;Poppins||||||||&#187; text_font_size=&#187;16px&#187; text_line_height=&#187;1.8em&#187; header_font=&#187;||||||||&#187; header_2_font=&#187;Poppins|600|||||||&#187; header_2_text_align=&#187;left&#187; header_2_font_size=&#187;36px&#187; header_2_line_height=&#187;1.4em&#187; module_alignment=&#187;center&#187; custom_margin=&#187;||||false|false&#187; animation_style=&#187;slide&#187; animation_direction=&#187;top&#187; animation_intensity_slide=&#187;10%&#187; animation_starting_opacity=&#187;100%&#187; hover_enabled=&#187;0&#8243; global_colors_info=&#187;{}&#187; theme_builder_area=&#187;post_content&#187; sticky_enabled=&#187;0&#8243;]<\/p>\n<h2>\u00abDarf es etwas weniger an defekten Teilen sein?\u00bb<\/h2>\n<p>Im Wesentlichen werden mit der methodischen Arbeitsweise dank DFMA so Handlungs-Schwerpunkte schneller sichtbar und dazu auch noch die Einsparungen von Ideen f\u00fcr die Optimierung oder auch von anfallenden Problemen in der sp\u00e4teren Herstellung um sich da das Leben zu erleichtern und \u00c4rger mit Nachbesserungen zu vermeiden.<\/p>\n<p>[\/et_pb_text][\/et_pb_column][\/et_pb_row][et_pb_row column_structure=&#187;1_2,1_2&#8243; make_equal=&#187;on&#187; _builder_version=&#187;4.19.5&#8243; _module_preset=&#187;default&#187; locked=&#187;off&#187; global_colors_info=&#187;{}&#187; theme_builder_area=&#187;post_content&#187;][et_pb_column type=&#187;1_2&#8243; _builder_version=&#187;4.19.5&#8243; _module_preset=&#187;default&#187; custom_css_main_element=&#187;margin: auto;&#187; global_colors_info=&#187;{}&#187; theme_builder_area=&#187;post_content&#187;][et_pb_text admin_label=&#187;Title&#187; _builder_version=&#187;4.19.5&#8243; _module_preset=&#187;default&#187; text_font=&#187;Poppins||||||||&#187; text_font_size=&#187;16px&#187; text_line_height=&#187;1.8em&#187; header_font=&#187;||||||||&#187; header_2_font=&#187;Poppins|600|||||||&#187; header_2_text_align=&#187;left&#187; header_2_font_size=&#187;36px&#187; header_2_line_height=&#187;1.4em&#187; module_alignment=&#187;center&#187; custom_margin=&#187;||||false|false&#187; animation_style=&#187;slide&#187; animation_direction=&#187;top&#187; animation_intensity_slide=&#187;10%&#187; animation_starting_opacity=&#187;100%&#187; hover_enabled=&#187;0&#8243; global_colors_info=&#187;{}&#187; theme_builder_area=&#187;post_content&#187; sticky_enabled=&#187;0&#8243;]\u00abEs gleich am Anfang richtig machen\u00bb, bleibt so nicht nur ein Vorsatz, sondern kann Systematisch angestrebt werden. Ein Indikator der hierbei hilft ist der DFA-Index der die Einfachheit der Montage aufzeigt und ansteigt je weiter ein neue L\u00f6sung optimiert wird um die Kosten zu reduzieren. So konnte dieser Effekt \u00abes gleich richtig zu machen\u00bb von Motorola wissenschaftlich untersucht aufzeigen, dass bei steigendem DFA-Index die Defektrate des Produktes sich reduziert. Wer im ganzen Herstellprozess sch\u00e4tzt das nicht wenn es weniger Probleme und die Defektrate reduziert werden kann.   [\/et_pb_text][\/et_pb_column][et_pb_column type=&#187;1_2&#8243; _builder_version=&#187;4.19.5&#8243; _module_preset=&#187;default&#187; global_colors_info=&#187;{}&#187; theme_builder_area=&#187;post_content&#187;][et_pb_image src=&#187;https:\/\/dfma.de\/wp-content\/uploads\/2023\/02\/defekten_teilen.png&#187; title_text=&#187;defekten_teilen&#187; _builder_version=&#187;4.19.5&#8243; _module_preset=&#187;default&#187; hover_enabled=&#187;0&#8243; global_colors_info=&#187;{}&#187; theme_builder_area=&#187;post_content&#187; sticky_enabled=&#187;0&#8243;][\/et_pb_image][\/et_pb_column][\/et_pb_row][\/et_pb_section][et_pb_section fb_built=&#187;1&#8243; admin_label=&#187;Feature Section&#187; _builder_version=&#187;4.19.5&#8243; _module_preset=&#187;default&#187; background_color_gradient_direction=&#187;90deg&#187; background_image=&#187;https:\/\/dfma.de\/wp-content\/uploads\/2022\/06\/section-bg-circle-left3.png&#187; background_position=&#187;bottom_center&#187; custom_padding=&#187;89px||90px|&#187; hover_enabled=&#187;0&#8243; global_colors_info=&#187;{}&#187; theme_builder_area=&#187;post_content&#187; background_enable_color=&#187;off&#187; sticky_enabled=&#187;0&#8243;][et_pb_row _builder_version=&#187;4.17.4&#8243; _module_preset=&#187;default&#187; global_colors_info=&#187;{}&#187; theme_builder_area=&#187;post_content&#187;][et_pb_column type=&#187;4_4&#8243; _builder_version=&#187;4.17.4&#8243; _module_preset=&#187;default&#187; global_colors_info=&#187;{}&#187; theme_builder_area=&#187;post_content&#187;][et_pb_text admin_label=&#187;Title&#187; _builder_version=&#187;4.19.5&#8243; _module_preset=&#187;default&#187; text_font=&#187;Poppins||||||||&#187; text_font_size=&#187;16px&#187; text_line_height=&#187;1.8em&#187; header_font=&#187;||||||||&#187; header_2_font=&#187;Poppins|600|||||||&#187; header_2_text_align=&#187;left&#187; header_2_font_size=&#187;36px&#187; header_2_line_height=&#187;1.4em&#187; module_alignment=&#187;center&#187; custom_margin=&#187;||||false|false&#187; animation_style=&#187;slide&#187; animation_direction=&#187;top&#187; animation_intensity_slide=&#187;10%&#187; animation_starting_opacity=&#187;100%&#187; hover_enabled=&#187;0&#8243; global_colors_info=&#187;{}&#187; theme_builder_area=&#187;post_content&#187; sticky_enabled=&#187;0&#8243;]<\/p>\n<h2>Wie hilft DFM der Beschaffung oder Technologies-Scouts?<\/h2>\n<p>Mit dem Integrierten Technologischen Wissen jeweils verkn\u00fcft mit Kostentreibern ergibt sich ein\u00a0 weites Feld f\u00fcr den Facheink\u00e4ufer mit Freude an der Technik, oder Technologies-Scouts. Sie k\u00f6nnen ihr Technologie und Kostenwissen multiplizieren mit dem DFM &#8211; Methoden und KostenTool.\u00a0<\/p>\n<p>Der Facheinkauf im Procureent oder Technologiescouts haben hier die m\u00f6glichkeit die erforderlichen Funktionen und deren Kosteneffekte zu ermittlen und mit Hersteller abzustimmen und m\u00f6gliche Vereinfachung zu ermitteln. Der Processabgleich hilft den optimalen Prozess \/ Maschineneinsatz zu finden. Die 18 Parametrisierten Prim\u00e4rprozesse mit Daten von \u00fcber 420 Maschinen und 120 Materialien sowie 80 Sekund\u00e4rprozessen hilft Handlungsbedarf f\u00fcr die Kostenoptimierung aufzuzeigen. \u00a0<\/p>\n<p>[\/et_pb_text][\/et_pb_column][\/et_pb_row][et_pb_row _builder_version=&#187;4.19.5&#8243; _module_preset=&#187;default&#187; hover_enabled=&#187;0&#8243; global_colors_info=&#187;{}&#187; column_structure=&#187;1_2,1_2&#8243; theme_builder_area=&#187;post_content&#187; make_equal=&#187;on&#187; sticky_enabled=&#187;0&#8243;][et_pb_column type=&#187;1_2&#8243; _builder_version=&#187;4.19.5&#8243; _module_preset=&#187;default&#187; hover_enabled=&#187;0&#8243; global_colors_info=&#187;{}&#187; theme_builder_area=&#187;post_content&#187; custom_css_main_element=&#187;margin: auto;&#187; sticky_enabled=&#187;0&#8243;][et_pb_image src=&#187;https:\/\/dfma.de\/wp-content\/uploads\/2023\/02\/tecnologies_scout.png&#187; _builder_version=&#187;4.19.5&#8243; _module_preset=&#187;default&#187; theme_builder_area=&#187;post_content&#187; title_text=&#187;tecnologies_scout&#187; hover_enabled=&#187;0&#8243; sticky_enabled=&#187;0&#8243;][\/et_pb_image][\/et_pb_column][et_pb_column type=&#187;1_2&#8243; _builder_version=&#187;4.19.5&#8243; _module_preset=&#187;default&#187; hover_enabled=&#187;0&#8243; global_colors_info=&#187;{}&#187; theme_builder_area=&#187;post_content&#187; sticky_enabled=&#187;0&#8243;][et_pb_text admin_label=&#187;Title&#187; _builder_version=&#187;4.19.5&#8243; _module_preset=&#187;default&#187; text_font=&#187;Poppins||||||||&#187; text_font_size=&#187;16px&#187; text_line_height=&#187;1.8em&#187; header_font=&#187;||||||||&#187; header_2_font=&#187;Poppins|600|||||||&#187; header_2_text_align=&#187;left&#187; header_2_font_size=&#187;36px&#187; header_2_line_height=&#187;1.4em&#187; module_alignment=&#187;center&#187; custom_margin=&#187;||||false|false&#187; animation_style=&#187;slide&#187; animation_direction=&#187;top&#187; animation_intensity_slide=&#187;10%&#187; animation_starting_opacity=&#187;100%&#187; hover_enabled=&#187;0&#8243; global_colors_info=&#187;{}&#187; theme_builder_area=&#187;post_content&#187; sticky_enabled=&#187;0&#8243;]<\/p>\n<p>Damit ist die Kombinations geschaffen um den aus Managementsicht h\u00e4ufig angesrebte aber schwierig zu gehen\u00a0 Pfad die drei Kernkompetenzen minimal Kosten, kuzze Zeiten auf den Makrkt zu kommen und die erfordeliche Qualit\u00e4t in der Balance zu halten.<\/p>\n<p>[\/et_pb_text][et_pb_image src=&#187;https:\/\/dfma.de\/wp-content\/uploads\/2023\/02\/triangle.png&#187; _builder_version=&#187;4.19.5&#8243; _module_preset=&#187;default&#187; theme_builder_area=&#187;post_content&#187; title_text=&#187;triangle&#187; hover_enabled=&#187;0&#8243; sticky_enabled=&#187;0&#8243; align=&#187;center&#187; width=&#187;35%&#187;][\/et_pb_image][\/et_pb_column][\/et_pb_row][\/et_pb_section][et_pb_section fb_built=&#187;1&#8243; admin_label=&#187;Feature Section&#187; _builder_version=&#187;4.19.5&#8243; _module_preset=&#187;default&#187; background_color_gradient_direction=&#187;90deg&#187; background_enable_image=&#187;off&#187; background_position=&#187;bottom_center&#187; custom_padding=&#187;89px||90px|&#187; hover_enabled=&#187;0&#8243; global_colors_info=&#187;{}&#187; theme_builder_area=&#187;post_content&#187; background_color=&#187;#f7f7f7&#8243; sticky_enabled=&#187;0&#8243;][et_pb_row _builder_version=&#187;4.17.4&#8243; _module_preset=&#187;default&#187; global_colors_info=&#187;{}&#187; theme_builder_area=&#187;post_content&#187;][et_pb_column type=&#187;4_4&#8243; _builder_version=&#187;4.17.4&#8243; _module_preset=&#187;default&#187; global_colors_info=&#187;{}&#187; theme_builder_area=&#187;post_content&#187;][et_pb_text admin_label=&#187;Title&#187; _builder_version=&#187;4.19.5&#8243; _module_preset=&#187;default&#187; text_font=&#187;Poppins||||||||&#187; text_font_size=&#187;16px&#187; text_line_height=&#187;1.8em&#187; header_font=&#187;||||||||&#187; header_2_font=&#187;Poppins|600|||||||&#187; header_2_text_align=&#187;left&#187; header_2_font_size=&#187;36px&#187; header_2_line_height=&#187;1.4em&#187; module_alignment=&#187;center&#187; custom_margin=&#187;||15px||false|false&#187; animation_style=&#187;slide&#187; animation_direction=&#187;top&#187; animation_intensity_slide=&#187;10%&#187; animation_starting_opacity=&#187;100%&#187; global_colors_info=&#187;{}&#187; theme_builder_area=&#187;post_content&#187;]<\/p>\n<h2>DFMA macht Schule<\/h2>\n<p>Die Liste der DfMA-Anwender ist lang und enth\u00e4lt f\u00fchrende Unternehmen wie Alber, BMW, Bosch, Daimler, Electrolux, Ericsson &#8211; Kathrein, Hilite, Endres &#038; Hauser, Wabco &#8211; ZF, um nur einige zu nennen.<br \/>\nZum Beispiel gelang es der Firma Vorwerk durch die Verringerung der Teileanzahl die Montagekosten bei einem Produkt um fast 80% zu reduzieren, oder der Firma Endres &#038; Hauser in einem ersten Projekten gleich \u00fcber eine Million US$ Einsparung realisiert[\/et_pb_text][et_pb_cta button_url=&#187;https:\/\/dfma.de\/wp-content\/uploads\/2023\/02\/The-Million-Dollar-Story-of-DfMA.pdf&#187; button_text=&#187;Mehr erfahren&#187; admin_label=&#187;Hero Text&#187; _builder_version=&#187;4.19.5&#8243; _module_preset=&#187;default&#187; header_level=&#187;h1&#8243; header_font=&#187;Poppins|600|||||||&#187; header_font_size=&#187;48px&#187; header_line_height=&#187;1.4em&#187; body_font=&#187;Poppins||||||||&#187; body_font_size=&#187;18px&#187; body_line_height=&#187;1.8em&#187; use_background_color=&#187;off&#187; custom_button=&#187;on&#187; button_text_size=&#187;14px&#187; button_text_color=&#187;#ffffff&#187; button_bg_color=&#187;#007ab9&#8243; button_border_width=&#187;12px&#187; button_border_color=&#187;#007ab9&#8243; button_letter_spacing=&#187;2px&#187; button_font=&#187;Poppins|600||on|||||&#187; button_icon=&#187;&#x24;||divi||400&#8243; button_alignment=&#187;left&#187; background_layout=&#187;light&#187; module_alignment=&#187;left&#187; custom_margin=&#187;0px||15px||false|false&#187; custom_padding=&#187;0px||0px||false|false&#187; animation_style=&#187;fade&#187; global_colors_info=&#187;{}&#187; button_text_size__hover_enabled=&#187;off&#187; button_one_text_size__hover_enabled=&#187;off&#187; button_two_text_size__hover_enabled=&#187;off&#187; button_text_color__hover_enabled=&#187;off&#187; button_one_text_color__hover_enabled=&#187;off&#187; button_two_text_color__hover_enabled=&#187;off&#187; button_border_width__hover_enabled=&#187;off&#187; button_one_border_width__hover_enabled=&#187;off&#187; button_two_border_width__hover_enabled=&#187;off&#187; button_border_color__hover_enabled=&#187;off&#187; button_one_border_color__hover_enabled=&#187;off&#187; button_two_border_color__hover_enabled=&#187;off&#187; button_border_radius__hover_enabled=&#187;off&#187; button_one_border_radius__hover_enabled=&#187;off&#187; button_two_border_radius__hover_enabled=&#187;off&#187; button_letter_spacing__hover_enabled=&#187;off&#187; button_one_letter_spacing__hover_enabled=&#187;off&#187; button_two_letter_spacing__hover_enabled=&#187;off&#187; button_bg_color__hover_enabled=&#187;off&#187; button_one_bg_color__hover_enabled=&#187;off&#187; button_two_bg_color__hover_enabled=&#187;off&#187; theme_builder_area=&#187;post_content&#187;][\/et_pb_cta][et_pb_text admin_label=&#187;Title&#187; _builder_version=&#187;4.19.5&#8243; _module_preset=&#187;default&#187; text_font=&#187;Poppins||||||||&#187; text_font_size=&#187;16px&#187; text_line_height=&#187;1.8em&#187; header_font=&#187;||||||||&#187; header_2_font=&#187;Poppins|600|||||||&#187; header_2_text_align=&#187;left&#187; header_2_font_size=&#187;36px&#187; header_2_line_height=&#187;1.4em&#187; module_alignment=&#187;center&#187; custom_margin=&#187;||||false|false&#187; animation_style=&#187;slide&#187; animation_direction=&#187;top&#187; animation_intensity_slide=&#187;10%&#187; animation_starting_opacity=&#187;100%&#187; global_colors_info=&#187;{}&#187; theme_builder_area=&#187;post_content&#187;]<\/p>\n<p>Wie praktische Projekte zeigen, k\u00f6nnen ehrgeizige Ergebnisse erreicht werden, gem\u00e4ss verschiedenen DFMA-Forumsberichten und Ver\u00f6ffentlichungen.<\/p>\n<p>[\/et_pb_text][\/et_pb_column][\/et_pb_row][\/et_pb_section][et_pb_section fb_built=&#187;1&#8243; admin_label=&#187;Hero Section&#187; _builder_version=&#187;4.17.4&#8243; _module_preset=&#187;default&#187; background_color_gradient_direction=&#187;100deg&#187; background_image=&#187;https:\/\/dfma.de\/wp-content\/uploads\/2022\/06\/section-bg-hero3.png&#187; custom_padding=&#187;8%||8%|&#187; global_module=&#187;129&#8243; locked=&#187;off&#187; global_colors_info=&#187;{}&#187; theme_builder_area=&#187;post_content&#187;][et_pb_row admin_label=&#187;Hero Area&#187; _builder_version=&#187;4.17.4&#8243; _module_preset=&#187;default&#187; background_size=&#187;initial&#187; background_position=&#187;top_left&#187; background_repeat=&#187;repeat&#187; width_tablet=&#187;&#187; width_phone=&#187;90%&#187; width_last_edited=&#187;on|phone&#187; global_colors_info=&#187;{}&#187; theme_builder_area=&#187;post_content&#187;][et_pb_column type=&#187;4_4&#8243; _builder_version=&#187;4.16&#8243; _module_preset=&#187;default&#187; custom_padding=&#187;|||&#187; global_colors_info=&#187;{}&#187; custom_padding__hover=&#187;|||&#187; theme_builder_area=&#187;post_content&#187;][et_pb_cta title=&#187;Jetzt starten!&#187; button_url=&#187;https:\/\/dfma.de\/anmeldung\/&#187; button_text=&#187;Anmeldung&#187; admin_label=&#187;Hero Text&#187; _builder_version=&#187;4.19.5&#8243; _module_preset=&#187;default&#187; header_level=&#187;h1&#8243; header_font=&#187;Poppins|600|||||||&#187; header_font_size=&#187;48px&#187; header_line_height=&#187;1.4em&#187; body_font=&#187;Poppins||||||||&#187; body_font_size=&#187;18px&#187; body_line_height=&#187;1.8em&#187; use_background_color=&#187;off&#187; custom_button=&#187;on&#187; button_text_size=&#187;14px&#187; button_text_color=&#187;#ffffff&#187; button_bg_color=&#187;#007ab9&#8243; button_border_width=&#187;12px&#187; button_border_color=&#187;#007ab9&#8243; button_letter_spacing=&#187;2px&#187; button_font=&#187;Poppins|600||on|||||&#187; button_icon=&#187;&#x24;||divi||400&#8243; background_layout=&#187;light&#187; max_width=&#187;700px&#187; module_alignment=&#187;center&#187; animation_style=&#187;fade&#187; global_colors_info=&#187;{}&#187; button_text_size__hover_enabled=&#187;off&#187; button_one_text_size__hover_enabled=&#187;off&#187; button_two_text_size__hover_enabled=&#187;off&#187; button_text_color__hover_enabled=&#187;off&#187; button_one_text_color__hover_enabled=&#187;off&#187; button_two_text_color__hover_enabled=&#187;off&#187; button_border_width__hover_enabled=&#187;off&#187; button_one_border_width__hover_enabled=&#187;off&#187; button_two_border_width__hover_enabled=&#187;off&#187; button_border_color__hover_enabled=&#187;off&#187; button_one_border_color__hover_enabled=&#187;off&#187; button_two_border_color__hover_enabled=&#187;off&#187; button_border_radius__hover_enabled=&#187;off&#187; button_one_border_radius__hover_enabled=&#187;off&#187; button_two_border_radius__hover_enabled=&#187;off&#187; button_letter_spacing__hover_enabled=&#187;off&#187; button_one_letter_spacing__hover_enabled=&#187;off&#187; button_two_letter_spacing__hover_enabled=&#187;off&#187; button_bg_color__hover_enabled=&#187;off&#187; button_one_bg_color__hover_enabled=&#187;off&#187; button_two_bg_color__hover_enabled=&#187;off&#187; theme_builder_area=&#187;post_content&#187;]<\/p>\n<p>Im DFMA-Forum lernen Sie anhand eines Fallbeispiels und zahlreichen Anwendungsbeispielen die Methodik DFMA<\/p>\n<p>[\/et_pb_cta][\/et_pb_column][\/et_pb_row][\/et_pb_section]<\/p>\n","protected":false},"excerpt":{"rendered":"<p>DFMA f\u00fcr Planung Produktion bis EinkaufOb in der Planung AVOR, Produktion oder Einkauf sind das nicht die Bereiche, welche ein enormes Kostenwissen haben Diesen wird die Arbeit wesentlich erleichtert durch dieses pr\u00e4ventive Agieren mit den Ingenieuren der Produkte-Entwicklung. Produktkomplexit\u00e4ten werden viel fr\u00fcher Analysiert, dabei Montage und Herstellprobleme sichtbar. \u00abProblem erkannt L\u00f6sung gefunden\u00bb wer kennt das [&hellip;]<\/p>\n","protected":false},"author":1,"featured_media":0,"parent":0,"menu_order":0,"comment_status":"closed","ping_status":"closed","template":"","meta":{"_et_pb_use_builder":"on","_et_pb_old_content":"<!-- wp:divi\/placeholder \/-->","_et_gb_content_width":"","footnotes":""},"class_list":["post-356","page","type-page","status-publish","hentry"],"_links":{"self":[{"href":"https:\/\/dfma.de\/en\/wp-json\/wp\/v2\/pages\/356","targetHints":{"allow":["GET"]}}],"collection":[{"href":"https:\/\/dfma.de\/en\/wp-json\/wp\/v2\/pages"}],"about":[{"href":"https:\/\/dfma.de\/en\/wp-json\/wp\/v2\/types\/page"}],"author":[{"embeddable":true,"href":"https:\/\/dfma.de\/en\/wp-json\/wp\/v2\/users\/1"}],"replies":[{"embeddable":true,"href":"https:\/\/dfma.de\/en\/wp-json\/wp\/v2\/comments?post=356"}],"version-history":[{"count":3,"href":"https:\/\/dfma.de\/en\/wp-json\/wp\/v2\/pages\/356\/revisions"}],"predecessor-version":[{"id":364,"href":"https:\/\/dfma.de\/en\/wp-json\/wp\/v2\/pages\/356\/revisions\/364"}],"wp:attachment":[{"href":"https:\/\/dfma.de\/en\/wp-json\/wp\/v2\/media?parent=356"}],"curies":[{"name":"wp","href":"https:\/\/api.w.org\/{rel}","templated":true}]}}