{"id":347,"date":"2023-02-25T13:38:36","date_gmt":"2023-02-25T12:38:36","guid":{"rendered":"https:\/\/dfma.de\/?page_id=347"},"modified":"2023-02-25T13:46:06","modified_gmt":"2023-02-25T12:46:06","slug":"service-fuer-entwicklung-konstruktion-neuer-produkte","status":"publish","type":"page","link":"https:\/\/dfma.de\/en\/service-fuer-entwicklung-konstruktion-neuer-produkte\/","title":{"rendered":"Service f\u00fcr Entwicklung + Konstruktion neuer Produkte"},"content":{"rendered":"<p>[et_pb_section fb_built=&#187;1&#8243; admin_label=&#187;Page Title Section&#187; _builder_version=&#187;4.19.5&#8243; _module_preset=&#187;default&#187; use_background_color_gradient=&#187;on&#187; background_color_gradient_direction=&#187;100deg&#187; background_color_gradient_stops=&#187;#6b73ff 0%|#007ab9 100%&#187; background_color_gradient_start=&#187;#6b73ff&#187; background_color_gradient_end=&#187;#000dff&#187; background_image=&#187;https:\/\/dfma.de\/wp-content\/uploads\/2022\/06\/section-bg-heptagon-right2.png&#187; custom_padding=&#187;100px||100px|&#187; global_colors_info=&#187;{}&#187; theme_builder_area=&#187;post_content&#187;][et_pb_row admin_label=&#187;Page Title Area&#187; _builder_version=&#187;4.16&#8243; _module_preset=&#187;default&#187; global_colors_info=&#187;{}&#187; theme_builder_area=&#187;post_content&#187;][et_pb_column type=&#187;4_4&#8243; _builder_version=&#187;4.16&#8243; _module_preset=&#187;default&#187; custom_padding=&#187;|||&#187; global_colors_info=&#187;{}&#187; custom_padding__hover=&#187;|||&#187; theme_builder_area=&#187;post_content&#187;][et_pb_text admin_label=&#187;Title&#187; _builder_version=&#187;4.19.5&#8243; _module_preset=&#187;default&#187; text_font=&#187;Poppins||||||||&#187; text_font_size=&#187;18px&#187; text_line_height=&#187;1.8em&#187; header_font=&#187;Poppins|600|||||||&#187; header_font_size=&#187;48px&#187; header_2_font=&#187;||||||||&#187; text_orientation=&#187;center&#187; background_layout=&#187;dark&#187; max_width=&#187;700px&#187; module_alignment=&#187;center&#187; custom_margin=&#187;|||&#187; animation_style=&#187;fade&#187; hover_enabled=&#187;0&#8243; global_colors_info=&#187;{}&#187; theme_builder_area=&#187;post_content&#187; sticky_enabled=&#187;0&#8243;]<\/p>\n<h1>Service f\u00fcr Entwicklung und Konstruktion neuer Produkte<\/h1>\n<p>Mit den drei Phasen der Kostenoptierung ist die DFMA \u2013 Methode eine grosse Hilfe f\u00fcr ein geschicktes Management auf systematischere Weise neue Produkte in den Markt zu bringen.<\/p>\n<p>[\/et_pb_text][\/et_pb_column][\/et_pb_row][\/et_pb_section][et_pb_section fb_built=&#187;1&#8243; admin_label=&#187;Feature Section&#187; _builder_version=&#187;4.16&#8243; _module_preset=&#187;default&#187; background_color=&#187;#f7f7f7&#8243; background_color_gradient_direction=&#187;90deg&#187; background_image=&#187;https:\/\/dfma.de\/wp-content\/uploads\/2022\/06\/section-bg-circle-left3.png&#187; background_position=&#187;bottom_center&#187; custom_padding=&#187;89px||90px|&#187; global_colors_info=&#187;{}&#187; theme_builder_area=&#187;post_content&#187;][et_pb_row _builder_version=&#187;4.17.4&#8243; _module_preset=&#187;default&#187; global_colors_info=&#187;{}&#187; theme_builder_area=&#187;post_content&#187;][et_pb_column type=&#187;4_4&#8243; _builder_version=&#187;4.17.4&#8243; _module_preset=&#187;default&#187; global_colors_info=&#187;{}&#187; theme_builder_area=&#187;post_content&#187;][et_pb_slider _builder_version=&#187;4.19.5&#8243; _module_preset=&#187;default&#187; custom_padding=&#187;200px||200px||true|false&#187; hover_enabled=&#187;0&#8243; global_colors_info=&#187;{}&#187; theme_builder_area=&#187;post_content&#187; sticky_enabled=&#187;0&#8243;][et_pb_slide _builder_version=&#187;4.19.5&#8243; _module_preset=&#187;default&#187; background_enable_color=&#187;on&#187; background_image=&#187;https:\/\/dfma.de\/wp-content\/uploads\/2023\/02\/phasen-der-Kosten.png&#187; background_enable_image=&#187;on&#187; hover_enabled=&#187;0&#8243; global_colors_info=&#187;{}&#187; sticky_transition=&#187;on&#187; theme_builder_area=&#187;post_content&#187; title_text=&#187;phasen der Kosten&#187; sticky_enabled=&#187;0&#8243; background_size=&#187;contain&#187; background_color=&#187;RGBA(255,255,255,0)&#187;][\/et_pb_slide][\/et_pb_slider][et_pb_text admin_label=&#187;Title&#187; _builder_version=&#187;4.19.5&#8243; _module_preset=&#187;default&#187; text_font=&#187;Poppins||||||||&#187; text_font_size=&#187;16px&#187; text_line_height=&#187;1.8em&#187; header_font=&#187;||||||||&#187; header_2_font=&#187;Poppins|600|||||||&#187; header_2_text_align=&#187;left&#187; header_2_font_size=&#187;36px&#187; header_2_line_height=&#187;1.4em&#187; module_alignment=&#187;center&#187; custom_margin=&#187;||||false|false&#187; animation_style=&#187;slide&#187; animation_direction=&#187;top&#187; animation_intensity_slide=&#187;10%&#187; animation_starting_opacity=&#187;100%&#187; hover_enabled=&#187;0&#8243; global_colors_info=&#187;{}&#187; theme_builder_area=&#187;post_content&#187; sticky_enabled=&#187;0&#8243;]<\/p>\n<p>Der gr\u00f6sste Effekt wird dabei erzielt im pr\u00e4ventiven Handeln in der Produkt- Vereinfachung was ganz zu Beginn in der Produkt-Entstehung erfolgt wenn es um die Erf\u00fcllung von Kundenw\u00fcnsche geht. Hierbei komm der methodische Teil zum Einsatz, um Komplexit\u00e4ten systematischer zu analysieren und zu vereinfachen. \u00a0<\/p>\n<p>Danach geht es in der zweiten Phase um die Herausforderung der Produkt und Prozess-Optimierung, und die optimalen Prozesse zu finden. Hierbei erhalten die Fachleute in Entwicklung und Konstruktion \u00fcber 360 Mannjahre Kostenwissen verpackt in eine interaktiven Expertentool\u00a0<\/p>\n<p>In der dritten Phase geht es darum f\u00fcr die Beschaffung die Erforderlichen Funktionen mit minimalen Material, Prozess und Werkzeugkosten in der geforderten Qualit\u00e4t zu realisieren\u00a0\u00a0 \u00a0<\/p>\n<p>[\/et_pb_text][\/et_pb_column][\/et_pb_row][et_pb_row _builder_version=&#187;4.19.5&#8243; _module_preset=&#187;default&#187; column_structure=&#187;1_2,1_2&#8243; theme_builder_area=&#187;post_content&#187; make_equal=&#187;on&#187; hover_enabled=&#187;0&#8243; sticky_enabled=&#187;0&#8243;][et_pb_column _builder_version=&#187;4.19.5&#8243; _module_preset=&#187;default&#187; type=&#187;1_2&#8243; theme_builder_area=&#187;post_content&#187; custom_css_main_element=&#187;margin: auto;&#187; hover_enabled=&#187;0&#8243; sticky_enabled=&#187;0&#8243;][et_pb_text admin_label=&#187;Title&#187; _builder_version=&#187;4.19.5&#8243; _module_preset=&#187;default&#187; text_font=&#187;Poppins||||||||&#187; text_font_size=&#187;16px&#187; text_line_height=&#187;1.8em&#187; header_font=&#187;||||||||&#187; header_2_font=&#187;Poppins|600|||||||&#187; header_2_text_align=&#187;left&#187; header_2_font_size=&#187;36px&#187; header_2_line_height=&#187;1.4em&#187; module_alignment=&#187;center&#187; custom_margin=&#187;||||false|false&#187; animation_style=&#187;slide&#187; animation_direction=&#187;top&#187; animation_intensity_slide=&#187;10%&#187; animation_starting_opacity=&#187;100%&#187; hover_enabled=&#187;0&#8243; global_colors_info=&#187;{}&#187; theme_builder_area=&#187;post_content&#187; sticky_enabled=&#187;0&#8243;]<\/p>\n<p>Die Kosten besser in den Griff zu bekommen ist einerseits Basis bei neuen Produkten f\u00fcr deren f\u00fcr Markterfolge, wie auch bei laufenden um neue Impulse im Markt zu setzten.\u00a0<\/p>\n<p>[\/et_pb_text][\/et_pb_column][et_pb_column _builder_version=&#187;4.19.5&#8243; _module_preset=&#187;default&#187; type=&#187;1_2&#8243; theme_builder_area=&#187;post_content&#187;][et_pb_image src=&#187;https:\/\/dfma.de\/wp-content\/uploads\/2023\/02\/kosten.png&#187; _builder_version=&#187;4.19.5&#8243; _module_preset=&#187;default&#187; theme_builder_area=&#187;post_content&#187; title_text=&#187;kosten&#187; hover_enabled=&#187;0&#8243; sticky_enabled=&#187;0&#8243;][\/et_pb_image][\/et_pb_column][\/et_pb_row][\/et_pb_section][et_pb_section fb_built=&#187;1&#8243; admin_label=&#187;Feature Section&#187; _builder_version=&#187;4.19.5&#8243; _module_preset=&#187;default&#187; background_color=&#187;#f7f7f7&#8243; background_color_gradient_direction=&#187;90deg&#187; background_image=&#187;https:\/\/dfma.de\/wp-content\/uploads\/2022\/06\/section-bg-heptagon-right2.png&#187; background_position=&#187;bottom_center&#187; background_vertical_offset=&#187;-97%&#187; custom_padding=&#187;89px||90px|&#187; global_colors_info=&#187;{}&#187; theme_builder_area=&#187;post_content&#187;][et_pb_row _builder_version=&#187;4.17.4&#8243; _module_preset=&#187;default&#187; global_colors_info=&#187;{}&#187; theme_builder_area=&#187;post_content&#187;][et_pb_column type=&#187;4_4&#8243; _builder_version=&#187;4.17.4&#8243; _module_preset=&#187;default&#187; global_colors_info=&#187;{}&#187; theme_builder_area=&#187;post_content&#187;][et_pb_text admin_label=&#187;Title&#187; _builder_version=&#187;4.19.5&#8243; _module_preset=&#187;default&#187; text_font=&#187;Poppins||||||||&#187; text_font_size=&#187;16px&#187; text_line_height=&#187;1.8em&#187; header_font=&#187;||||||||&#187; header_2_font=&#187;Poppins|600|||||||&#187; header_2_text_align=&#187;left&#187; header_2_font_size=&#187;36px&#187; header_2_line_height=&#187;1.4em&#187; module_alignment=&#187;center&#187; custom_margin=&#187;||||false|false&#187; animation_style=&#187;slide&#187; animation_direction=&#187;top&#187; animation_intensity_slide=&#187;10%&#187; animation_starting_opacity=&#187;100%&#187; hover_enabled=&#187;0&#8243; global_colors_info=&#187;{}&#187; theme_builder_area=&#187;post_content&#187; sticky_enabled=&#187;0&#8243;]<\/p>\n<h2>Teamwork und Verantwortung bei DFMA<\/h2>\n<p>Methodisches Vorgehen und Teamarbeit schafft Erfolge. Ein interdisziplin\u00e4res Team aus allen beteiligten Bereichen nimmt das Produkt genauestens unter die Lupe. Bei DFMA arbeiten Konstruktion, Produktion, Montage, Qualit\u00e4tssicherung, Produktionsplanung und Kalkulation zusammen.<\/p>\n<p>Es gibt weniger \u00dcberbelastung einzelner Abteilungen, zusammen werden im Vorfeld die Konsequenzen des Entwurfs auf Herstellungsprozesse, Montage und Herstellkosten beleuchtet. Dadurch treten viele der \u00fcblichen Probleme erst gar nicht in Erscheinung oder k\u00f6nnen bereits im Ansatz gel\u00f6st werden.<\/p>\n<p>[\/et_pb_text][\/et_pb_column][\/et_pb_row][et_pb_row _builder_version=&#187;4.19.5&#8243; _module_preset=&#187;default&#187; column_structure=&#187;1_2,1_2&#8243; theme_builder_area=&#187;post_content&#187; make_equal=&#187;on&#187; hover_enabled=&#187;0&#8243; sticky_enabled=&#187;0&#8243; locked=&#187;off&#187;][et_pb_column _builder_version=&#187;4.19.5&#8243; _module_preset=&#187;default&#187; type=&#187;1_2&#8243; theme_builder_area=&#187;post_content&#187; custom_css_main_element=&#187;margin: auto;&#187; hover_enabled=&#187;0&#8243; sticky_enabled=&#187;0&#8243;][et_pb_text admin_label=&#187;Title&#187; _builder_version=&#187;4.19.5&#8243; _module_preset=&#187;default&#187; text_font=&#187;Poppins||||||||&#187; text_font_size=&#187;16px&#187; text_line_height=&#187;1.8em&#187; header_font=&#187;||||||||&#187; header_2_font=&#187;Poppins|600|||||||&#187; header_2_text_align=&#187;left&#187; header_2_font_size=&#187;36px&#187; header_2_line_height=&#187;1.4em&#187; module_alignment=&#187;center&#187; custom_margin=&#187;||||false|false&#187; animation_style=&#187;slide&#187; animation_direction=&#187;top&#187; animation_intensity_slide=&#187;10%&#187; animation_starting_opacity=&#187;100%&#187; hover_enabled=&#187;0&#8243; global_colors_info=&#187;{}&#187; theme_builder_area=&#187;post_content&#187; sticky_enabled=&#187;0&#8243;]<\/p>\n<p>In der heutigen Herausforderung an diese Mitarbeiter und den 3 Phasen der Optimierung dabei noch die Zeit im Griff zu haben ist eine weiter Herausforderung erfolgreicher Unternehmer. Jeder weiss, wer fr\u00fcher auf dem Markt ist, kann h\u00f6here Gewinne erzielen. Wie entscheidend ist es diesbez\u00fcglich ebenfalls eine Unterst\u00fctzung zu haben. \u00a0\u00a0<\/p>\n<p>[\/et_pb_text][\/et_pb_column][et_pb_column _builder_version=&#187;4.19.5&#8243; _module_preset=&#187;default&#187; type=&#187;1_2&#8243; theme_builder_area=&#187;post_content&#187;][et_pb_image src=&#187;https:\/\/dfma.de\/wp-content\/uploads\/2023\/02\/gewinn.png&#187; _builder_version=&#187;4.19.5&#8243; _module_preset=&#187;default&#187; theme_builder_area=&#187;post_content&#187; title_text=&#187;gewinn&#187; hover_enabled=&#187;0&#8243; sticky_enabled=&#187;0&#8243;][\/et_pb_image][\/et_pb_column][\/et_pb_row][\/et_pb_section][et_pb_section fb_built=&#187;1&#8243; admin_label=&#187;Feature Section&#187; _builder_version=&#187;4.17.4&#8243; _module_preset=&#187;default&#187; background_enable_color=&#187;off&#187; background_color_gradient_direction=&#187;90deg&#187; background_enable_image=&#187;off&#187; background_position=&#187;bottom_center&#187; custom_padding=&#187;89px||90px|&#187; global_colors_info=&#187;{}&#187; theme_builder_area=&#187;post_content&#187;][et_pb_row _builder_version=&#187;4.17.4&#8243; _module_preset=&#187;default&#187; global_colors_info=&#187;{}&#187; theme_builder_area=&#187;post_content&#187;][et_pb_column type=&#187;4_4&#8243; _builder_version=&#187;4.17.4&#8243; _module_preset=&#187;default&#187; global_colors_info=&#187;{}&#187; theme_builder_area=&#187;post_content&#187;][et_pb_text admin_label=&#187;Title&#187; _builder_version=&#187;4.19.5&#8243; _module_preset=&#187;default&#187; text_font=&#187;Poppins||||||||&#187; text_font_size=&#187;16px&#187; text_line_height=&#187;1.8em&#187; header_font=&#187;||||||||&#187; header_2_font=&#187;Poppins|600|||||||&#187; header_2_text_align=&#187;left&#187; header_2_font_size=&#187;36px&#187; header_2_line_height=&#187;1.4em&#187; module_alignment=&#187;center&#187; custom_margin=&#187;||15px||false|false&#187; animation_style=&#187;slide&#187; animation_direction=&#187;top&#187; animation_intensity_slide=&#187;10%&#187; animation_starting_opacity=&#187;100%&#187; hover_enabled=&#187;0&#8243; global_colors_info=&#187;{}&#187; theme_builder_area=&#187;post_content&#187; sticky_enabled=&#187;0&#8243;]<\/p>\n<h2>DFMA macht Schule<\/h2>\n<p>Die Liste der DfMA-Anwender ist lang und enth\u00e4lt f\u00fchrende Unternehmen wie Alber, BMW, Bosch, Daimler, Electrolux, Ericsson &#8211; Kathrein, Hilite, Endres &#038; Hauser, Wabco &#8211; ZF, um nur einige zu nennen.<br \/>\nZum Beispiel gelang es der Firma Vorwerk durch die Verringerung der Teileanzahl die Montagekosten bei einem Produkt um fast 80% zu reduzieren, oder der Firma Endres &#038; Hauser in einem ersten Projekten gleich \u00fcber eine Million US$ Einsparung realisiert[\/et_pb_text][et_pb_cta button_url=&#187;https:\/\/dfma.de\/wp-content\/uploads\/2023\/02\/The-Million-Dollar-Story-of-DfMA.pdf&#187; button_text=&#187;Mehr erfahren&#187; admin_label=&#187;Hero Text&#187; _builder_version=&#187;4.19.5&#8243; _module_preset=&#187;default&#187; header_level=&#187;h1&#8243; header_font=&#187;Poppins|600|||||||&#187; header_font_size=&#187;48px&#187; header_line_height=&#187;1.4em&#187; body_font=&#187;Poppins||||||||&#187; body_font_size=&#187;18px&#187; body_line_height=&#187;1.8em&#187; use_background_color=&#187;off&#187; custom_button=&#187;on&#187; button_text_size=&#187;14px&#187; button_text_color=&#187;#ffffff&#187; button_bg_color=&#187;#007ab9&#8243; button_border_width=&#187;12px&#187; button_border_color=&#187;#007ab9&#8243; button_letter_spacing=&#187;2px&#187; button_font=&#187;Poppins|600||on|||||&#187; button_icon=&#187;&#x24;||divi||400&#8243; button_alignment=&#187;left&#187; background_layout=&#187;light&#187; module_alignment=&#187;left&#187; custom_margin=&#187;0px||15px||false|false&#187; custom_padding=&#187;0px||0px||false|false&#187; animation_style=&#187;fade&#187; global_colors_info=&#187;{}&#187; button_text_size__hover_enabled=&#187;off&#187; button_one_text_size__hover_enabled=&#187;off&#187; button_two_text_size__hover_enabled=&#187;off&#187; button_text_color__hover_enabled=&#187;off&#187; button_one_text_color__hover_enabled=&#187;off&#187; button_two_text_color__hover_enabled=&#187;off&#187; button_border_width__hover_enabled=&#187;off&#187; button_one_border_width__hover_enabled=&#187;off&#187; button_two_border_width__hover_enabled=&#187;off&#187; button_border_color__hover_enabled=&#187;off&#187; button_one_border_color__hover_enabled=&#187;off&#187; button_two_border_color__hover_enabled=&#187;off&#187; button_border_radius__hover_enabled=&#187;off&#187; button_one_border_radius__hover_enabled=&#187;off&#187; button_two_border_radius__hover_enabled=&#187;off&#187; button_letter_spacing__hover_enabled=&#187;off&#187; button_one_letter_spacing__hover_enabled=&#187;off&#187; button_two_letter_spacing__hover_enabled=&#187;off&#187; button_bg_color__hover_enabled=&#187;off&#187; button_one_bg_color__hover_enabled=&#187;off&#187; button_two_bg_color__hover_enabled=&#187;off&#187; theme_builder_area=&#187;post_content&#187;][\/et_pb_cta][et_pb_text admin_label=&#187;Title&#187; _builder_version=&#187;4.19.5&#8243; _module_preset=&#187;default&#187; text_font=&#187;Poppins||||||||&#187; text_font_size=&#187;16px&#187; text_line_height=&#187;1.8em&#187; header_font=&#187;||||||||&#187; header_2_font=&#187;Poppins|600|||||||&#187; header_2_text_align=&#187;left&#187; header_2_font_size=&#187;36px&#187; header_2_line_height=&#187;1.4em&#187; module_alignment=&#187;center&#187; custom_margin=&#187;||||false|false&#187; animation_style=&#187;slide&#187; animation_direction=&#187;top&#187; animation_intensity_slide=&#187;10%&#187; animation_starting_opacity=&#187;100%&#187; global_colors_info=&#187;{}&#187; theme_builder_area=&#187;post_content&#187;]<\/p>\n<p>Wie praktische Projekte zeigen, k\u00f6nnen ehrgeizige Ergebnisse erreicht werden, gem\u00e4ss verschiedenen DFMA-Forumsberichten und Ver\u00f6ffentlichungen.<\/p>\n<p>[\/et_pb_text][\/et_pb_column][\/et_pb_row][\/et_pb_section][et_pb_section fb_built=&#187;1&#8243; admin_label=&#187;Hero Section&#187; _builder_version=&#187;4.17.4&#8243; _module_preset=&#187;default&#187; background_color_gradient_direction=&#187;100deg&#187; background_image=&#187;https:\/\/dfma.de\/wp-content\/uploads\/2022\/06\/section-bg-hero3.png&#187; custom_padding=&#187;8%||8%|&#187; global_module=&#187;129&#8243; locked=&#187;off&#187; global_colors_info=&#187;{}&#187; theme_builder_area=&#187;post_content&#187;][et_pb_row admin_label=&#187;Hero Area&#187; _builder_version=&#187;4.17.4&#8243; _module_preset=&#187;default&#187; background_size=&#187;initial&#187; background_position=&#187;top_left&#187; background_repeat=&#187;repeat&#187; width_tablet=&#187;&#187; width_phone=&#187;90%&#187; width_last_edited=&#187;on|phone&#187; global_colors_info=&#187;{}&#187; theme_builder_area=&#187;post_content&#187;][et_pb_column type=&#187;4_4&#8243; _builder_version=&#187;4.16&#8243; _module_preset=&#187;default&#187; custom_padding=&#187;|||&#187; global_colors_info=&#187;{}&#187; custom_padding__hover=&#187;|||&#187; theme_builder_area=&#187;post_content&#187;][et_pb_cta title=&#187;Jetzt starten!&#187; button_url=&#187;https:\/\/dfma.de\/anmeldung\/&#187; button_text=&#187;Anmeldung&#187; admin_label=&#187;Hero Text&#187; _builder_version=&#187;4.19.5&#8243; _module_preset=&#187;default&#187; header_level=&#187;h1&#8243; header_font=&#187;Poppins|600|||||||&#187; header_font_size=&#187;48px&#187; header_line_height=&#187;1.4em&#187; body_font=&#187;Poppins||||||||&#187; body_font_size=&#187;18px&#187; body_line_height=&#187;1.8em&#187; use_background_color=&#187;off&#187; custom_button=&#187;on&#187; button_text_size=&#187;14px&#187; button_text_color=&#187;#ffffff&#187; button_bg_color=&#187;#007ab9&#8243; button_border_width=&#187;12px&#187; button_border_color=&#187;#007ab9&#8243; button_letter_spacing=&#187;2px&#187; button_font=&#187;Poppins|600||on|||||&#187; button_icon=&#187;&#x24;||divi||400&#8243; background_layout=&#187;light&#187; max_width=&#187;700px&#187; module_alignment=&#187;center&#187; animation_style=&#187;fade&#187; global_colors_info=&#187;{}&#187; button_text_size__hover_enabled=&#187;off&#187; button_one_text_size__hover_enabled=&#187;off&#187; button_two_text_size__hover_enabled=&#187;off&#187; button_text_color__hover_enabled=&#187;off&#187; button_one_text_color__hover_enabled=&#187;off&#187; button_two_text_color__hover_enabled=&#187;off&#187; button_border_width__hover_enabled=&#187;off&#187; button_one_border_width__hover_enabled=&#187;off&#187; button_two_border_width__hover_enabled=&#187;off&#187; button_border_color__hover_enabled=&#187;off&#187; button_one_border_color__hover_enabled=&#187;off&#187; button_two_border_color__hover_enabled=&#187;off&#187; button_border_radius__hover_enabled=&#187;off&#187; button_one_border_radius__hover_enabled=&#187;off&#187; button_two_border_radius__hover_enabled=&#187;off&#187; button_letter_spacing__hover_enabled=&#187;off&#187; button_one_letter_spacing__hover_enabled=&#187;off&#187; button_two_letter_spacing__hover_enabled=&#187;off&#187; button_bg_color__hover_enabled=&#187;off&#187; button_one_bg_color__hover_enabled=&#187;off&#187; button_two_bg_color__hover_enabled=&#187;off&#187; theme_builder_area=&#187;post_content&#187;]<\/p>\n<p>Im DFMA-Forum lernen Sie anhand eines Fallbeispiels und zahlreichen Anwendungsbeispielen die Methodik DFMA<\/p>\n<p>[\/et_pb_cta][\/et_pb_column][\/et_pb_row][\/et_pb_section]<\/p>\n","protected":false},"excerpt":{"rendered":"<p>Service f\u00fcr Entwicklung und Konstruktion neuer Produkte Mit den drei Phasen der Kostenoptierung ist die DFMA \u2013 Methode eine grosse Hilfe f\u00fcr ein geschicktes Management auf systematischere Weise neue Produkte in den Markt zu bringen.Der gr\u00f6sste Effekt wird dabei erzielt im pr\u00e4ventiven Handeln in der Produkt- Vereinfachung was ganz zu Beginn in der Produkt-Entstehung erfolgt [&hellip;]<\/p>\n","protected":false},"author":1,"featured_media":0,"parent":0,"menu_order":0,"comment_status":"closed","ping_status":"closed","template":"","meta":{"_et_pb_use_builder":"on","_et_pb_old_content":"<!-- wp:divi\/placeholder \/-->","_et_gb_content_width":"","footnotes":""},"class_list":["post-347","page","type-page","status-publish","hentry"],"_links":{"self":[{"href":"https:\/\/dfma.de\/en\/wp-json\/wp\/v2\/pages\/347","targetHints":{"allow":["GET"]}}],"collection":[{"href":"https:\/\/dfma.de\/en\/wp-json\/wp\/v2\/pages"}],"about":[{"href":"https:\/\/dfma.de\/en\/wp-json\/wp\/v2\/types\/page"}],"author":[{"embeddable":true,"href":"https:\/\/dfma.de\/en\/wp-json\/wp\/v2\/users\/1"}],"replies":[{"embeddable":true,"href":"https:\/\/dfma.de\/en\/wp-json\/wp\/v2\/comments?post=347"}],"version-history":[{"count":4,"href":"https:\/\/dfma.de\/en\/wp-json\/wp\/v2\/pages\/347\/revisions"}],"predecessor-version":[{"id":355,"href":"https:\/\/dfma.de\/en\/wp-json\/wp\/v2\/pages\/347\/revisions\/355"}],"wp:attachment":[{"href":"https:\/\/dfma.de\/en\/wp-json\/wp\/v2\/media?parent=347"}],"curies":[{"name":"wp","href":"https:\/\/api.w.org\/{rel}","templated":true}]}}