{"id":338,"date":"2023-02-25T13:23:34","date_gmt":"2023-02-25T12:23:34","guid":{"rendered":"https:\/\/dfma.de\/?page_id=338"},"modified":"2023-02-25T13:34:25","modified_gmt":"2023-02-25T12:34:25","slug":"dfma-service-fuer-das-management","status":"publish","type":"page","link":"https:\/\/dfma.de\/en\/dfma-service-fuer-das-management\/","title":{"rendered":"DFMA Service f\u00fcr das Management"},"content":{"rendered":"<p>[et_pb_section fb_built=&#187;1&#8243; admin_label=&#187;Page Title Section&#187; _builder_version=&#187;4.19.5&#8243; _module_preset=&#187;default&#187; use_background_color_gradient=&#187;on&#187; background_color_gradient_direction=&#187;100deg&#187; background_color_gradient_stops=&#187;#6b73ff 0%|#007ab9 100%&#187; background_color_gradient_start=&#187;#6b73ff&#187; background_color_gradient_end=&#187;#000dff&#187; background_image=&#187;https:\/\/dfma.de\/wp-content\/uploads\/2022\/06\/section-bg-heptagon-right2.png&#187; custom_padding=&#187;100px||100px|&#187; global_colors_info=&#187;{}&#187; theme_builder_area=&#187;post_content&#187;][et_pb_row admin_label=&#187;Page Title Area&#187; _builder_version=&#187;4.16&#8243; _module_preset=&#187;default&#187; global_colors_info=&#187;{}&#187; theme_builder_area=&#187;post_content&#187;][et_pb_column type=&#187;4_4&#8243; _builder_version=&#187;4.16&#8243; _module_preset=&#187;default&#187; custom_padding=&#187;|||&#187; global_colors_info=&#187;{}&#187; custom_padding__hover=&#187;|||&#187; theme_builder_area=&#187;post_content&#187;][et_pb_text admin_label=&#187;Title&#187; _builder_version=&#187;4.19.5&#8243; _module_preset=&#187;default&#187; text_font=&#187;Poppins||||||||&#187; text_font_size=&#187;18px&#187; text_line_height=&#187;1.8em&#187; header_font=&#187;Poppins|600|||||||&#187; header_font_size=&#187;48px&#187; header_2_font=&#187;||||||||&#187; text_orientation=&#187;center&#187; background_layout=&#187;dark&#187; max_width=&#187;700px&#187; module_alignment=&#187;center&#187; custom_margin=&#187;|||&#187; animation_style=&#187;fade&#187; hover_enabled=&#187;0&#8243; global_colors_info=&#187;{}&#187; theme_builder_area=&#187;post_content&#187; sticky_enabled=&#187;0&#8243;]<\/p>\n<h1>DFMA Service f\u00fcr das Management<\/h1>\n<p>Kostenreduzierung ist keine Zauberei, sondern geschicktes Management.[\/et_pb_text][\/et_pb_column][\/et_pb_row][\/et_pb_section][et_pb_section fb_built=&#187;1&#8243; admin_label=&#187;Feature Section&#187; _builder_version=&#187;4.16&#8243; _module_preset=&#187;default&#187; background_color=&#187;#f7f7f7&#8243; background_color_gradient_direction=&#187;90deg&#187; background_image=&#187;https:\/\/dfma.de\/wp-content\/uploads\/2022\/06\/section-bg-circle-left3.png&#187; background_position=&#187;bottom_center&#187; custom_padding=&#187;89px||90px|&#187; global_colors_info=&#187;{}&#187; theme_builder_area=&#187;post_content&#187;][et_pb_row _builder_version=&#187;4.17.4&#8243; _module_preset=&#187;default&#187; global_colors_info=&#187;{}&#187; theme_builder_area=&#187;post_content&#187;][et_pb_column type=&#187;4_4&#8243; _builder_version=&#187;4.17.4&#8243; _module_preset=&#187;default&#187; global_colors_info=&#187;{}&#187; theme_builder_area=&#187;post_content&#187;][et_pb_text admin_label=&#187;Title&#187; _builder_version=&#187;4.19.5&#8243; _module_preset=&#187;default&#187; text_font=&#187;Poppins||||||||&#187; text_font_size=&#187;16px&#187; text_line_height=&#187;1.8em&#187; header_font=&#187;||||||||&#187; header_2_font=&#187;Poppins|600|||||||&#187; header_2_text_align=&#187;left&#187; header_2_font_size=&#187;36px&#187; header_2_line_height=&#187;1.4em&#187; module_alignment=&#187;center&#187; custom_margin=&#187;||||false|false&#187; animation_style=&#187;slide&#187; animation_direction=&#187;top&#187; animation_intensity_slide=&#187;10%&#187; animation_starting_opacity=&#187;100%&#187; hover_enabled=&#187;0&#8243; global_colors_info=&#187;{}&#187; theme_builder_area=&#187;post_content&#187; sticky_enabled=&#187;0&#8243;]<\/p>\n<h2>In der Produktentstehung wird \u00fcber Gewinn oder Verlust entschieden<\/h2>\n<p>Basierend auf der Erfahrung, dass 70 % der Fertigungs- und Montagekosten eines Produktes bereits im Entstehungsprozess festgeschrieben werden, entwickelte Dr. Geoffrey Boothroyd, Wissenschaftler an der University of Salford und Rhode Island, Richtlinien.<\/p>\n<p>Diese Richtlinien finden Ausdruck in DFMA und bieten Anregung zur Entwicklung eines verbesserten Produkt-Gesamtkonzeptes. Ausgehend von diesem Konzept erfolgt anschliessend die Optimierung bzgl. Herstellbarkeit, Kosten und Qualit\u00e4t.<\/p>\n<p>Durch den gezielten Einsatz von DFMA \u2013 das neue Produkte bereits im Entstehungsprozess auf ihre Herstellbarkeit und deren Verbesserungen hin analysiert \u2013 wird sichergestellt, dass notwendige \u00c4nderungen am Produkt so fr\u00fchzeitig erkannt und vorgenommen werden, dass der \u00c4nderungsaufwand den \u00c4nderungsnutzen nicht \u00fcbersteigt.<\/p>\n<p>Es entstehen L\u00f6sungen mit einer klaren Produktstruktur, die aus einer minimalen Anzahl von Bauteilen gef\u00fcgt sind. Die konsequente Anwendung und Umsetzung von DFMA machte es beispielsweise m\u00f6glich, die Anzahl der Teile um 30\u201370% zu reduzieren.<\/p>\n<p>[\/et_pb_text][et_pb_slider _builder_version=&#187;4.19.5&#8243; _module_preset=&#187;default&#187; theme_builder_area=&#187;post_content&#187; hover_enabled=&#187;0&#8243; sticky_enabled=&#187;0&#8243; custom_padding=&#187;200px||200px||true|false&#187;][et_pb_slide _builder_version=&#187;4.19.5&#8243; _module_preset=&#187;default&#187; theme_builder_area=&#187;post_content&#187; background_enable_color=&#187;off&#187; title_text=&#187;dfma_service_fuer_das_management&#187; background_image=&#187;https:\/\/dfma.de\/wp-content\/uploads\/2023\/02\/dfma_service_fuer_das_management.png&#187; background_enable_image=&#187;on&#187; hover_enabled=&#187;0&#8243; sticky_enabled=&#187;0&#8243;][\/et_pb_slide][\/et_pb_slider][\/et_pb_column][\/et_pb_row][\/et_pb_section][et_pb_section fb_built=&#187;1&#8243; admin_label=&#187;Feature Section&#187; _builder_version=&#187;4.19.5&#8243; _module_preset=&#187;default&#187; background_color=&#187;#f7f7f7&#8243; background_color_gradient_direction=&#187;90deg&#187; background_image=&#187;https:\/\/dfma.de\/wp-content\/uploads\/2022\/06\/section-bg-heptagon-right2.png&#187; background_position=&#187;bottom_center&#187; custom_padding=&#187;89px||90px|&#187; hover_enabled=&#187;0&#8243; global_colors_info=&#187;{}&#187; theme_builder_area=&#187;post_content&#187; sticky_enabled=&#187;0&#8243; background_vertical_offset=&#187;-97%&#187;][et_pb_row _builder_version=&#187;4.17.4&#8243; _module_preset=&#187;default&#187; global_colors_info=&#187;{}&#187; theme_builder_area=&#187;post_content&#187;][et_pb_column type=&#187;4_4&#8243; _builder_version=&#187;4.17.4&#8243; _module_preset=&#187;default&#187; global_colors_info=&#187;{}&#187; theme_builder_area=&#187;post_content&#187;][et_pb_text admin_label=&#187;Title&#187; _builder_version=&#187;4.19.5&#8243; _module_preset=&#187;default&#187; text_font=&#187;Poppins||||||||&#187; text_font_size=&#187;16px&#187; text_line_height=&#187;1.8em&#187; header_font=&#187;||||||||&#187; header_2_font=&#187;Poppins|600|||||||&#187; header_2_text_align=&#187;left&#187; header_2_font_size=&#187;36px&#187; header_2_line_height=&#187;1.4em&#187; module_alignment=&#187;center&#187; custom_margin=&#187;||||false|false&#187; animation_style=&#187;slide&#187; animation_direction=&#187;top&#187; animation_intensity_slide=&#187;10%&#187; animation_starting_opacity=&#187;100%&#187; hover_enabled=&#187;0&#8243; global_colors_info=&#187;{}&#187; theme_builder_area=&#187;post_content&#187; sticky_enabled=&#187;0&#8243;]<\/p>\n<h2>Kosten besser im Griff dank DFMA<\/h2>\n<p>Ein K\u00e4ufer ist bereit, f\u00fcr den Nutzen, den er aus einem Produkt zieht, einen gewissen Preis zu zahlen. Dieser extern ermittelte Preis wird im Zielkostenmanagement der internen Kostenkalkulation gegen\u00fcbergestellt. Ist der ermittelte Verkaufspreis niedriger oder der erzielbare Gewinn zu gering, muss nach L\u00f6sungen gesucht werden. Wie? Mit allen Mitteln der Produktgestaltung m\u00fcssen Wege gefunden werden, wie mit dem gegebenen Marktpreis ein zufriedenstellender Gewinn erzielt werden kann.<\/p>\n<p>Auch aus diesem Blickwinkel bietet Ihnen DFMA unsch\u00e4tzbare Hilfestellung. Der Spagat zwischen Marktpreis und Gewinn wird mit DFMA leichter, da neue Strategien zur Produktgestaltung entwickelt werden.<\/p>\n<p>[\/et_pb_text][\/et_pb_column][\/et_pb_row][\/et_pb_section][et_pb_section fb_built=&#187;1&#8243; admin_label=&#187;Feature Section&#187; _builder_version=&#187;4.17.4&#8243; _module_preset=&#187;default&#187; background_enable_color=&#187;off&#187; background_color_gradient_direction=&#187;90deg&#187; background_enable_image=&#187;off&#187; background_position=&#187;bottom_center&#187; custom_padding=&#187;89px||90px|&#187; global_colors_info=&#187;{}&#187; theme_builder_area=&#187;post_content&#187;][et_pb_row _builder_version=&#187;4.17.4&#8243; _module_preset=&#187;default&#187; global_colors_info=&#187;{}&#187; theme_builder_area=&#187;post_content&#187;][et_pb_column type=&#187;4_4&#8243; _builder_version=&#187;4.17.4&#8243; _module_preset=&#187;default&#187; global_colors_info=&#187;{}&#187; theme_builder_area=&#187;post_content&#187;][et_pb_text admin_label=&#187;Title&#187; _builder_version=&#187;4.19.5&#8243; _module_preset=&#187;default&#187; text_font=&#187;Poppins||||||||&#187; text_font_size=&#187;16px&#187; text_line_height=&#187;1.8em&#187; header_font=&#187;||||||||&#187; header_2_font=&#187;Poppins|600|||||||&#187; header_2_text_align=&#187;left&#187; header_2_font_size=&#187;36px&#187; header_2_line_height=&#187;1.4em&#187; module_alignment=&#187;center&#187; custom_margin=&#187;||15px||false|false&#187; animation_style=&#187;slide&#187; animation_direction=&#187;top&#187; animation_intensity_slide=&#187;10%&#187; animation_starting_opacity=&#187;100%&#187; hover_enabled=&#187;0&#8243; global_colors_info=&#187;{}&#187; theme_builder_area=&#187;post_content&#187; sticky_enabled=&#187;0&#8243;]<\/p>\n<h2>DFMA macht Schule<\/h2>\n<p>Die Liste der DfMA-Anwender ist lang und enth\u00e4lt f\u00fchrende Unternehmen wie Alber, BMW, Bosch, Daimler, Electrolux, Ericsson &#8211; Kathrein, Hilite, Endres &amp; Hauser, Wabco &#8211; ZF, um nur einige zu nennen.<br \/>Zum Beispiel gelang es der Firma Vorwerk durch die Verringerung der Teileanzahl die Montagekosten bei einem Produkt um fast 80% zu reduzieren, oder der Firma Endres &amp; Hauser in einem ersten Projekten gleich \u00fcber eine Million US$ Einsparung realisiert<\/p>\n<p>[\/et_pb_text][et_pb_cta button_url=&#187;https:\/\/dfma.de\/wp-content\/uploads\/2023\/02\/The-Million-Dollar-Story-of-DfMA.pdf&#187; button_text=&#187;Mehr erfahren&#187; admin_label=&#187;Hero Text&#187; _builder_version=&#187;4.19.5&#8243; _module_preset=&#187;default&#187; header_level=&#187;h1&#8243; header_font=&#187;Poppins|600|||||||&#187; header_font_size=&#187;48px&#187; header_line_height=&#187;1.4em&#187; body_font=&#187;Poppins||||||||&#187; body_font_size=&#187;18px&#187; body_line_height=&#187;1.8em&#187; use_background_color=&#187;off&#187; custom_button=&#187;on&#187; button_text_size=&#187;14px&#187; button_text_color=&#187;#ffffff&#187; button_bg_color=&#187;#007ab9&#8243; button_border_width=&#187;12px&#187; button_border_color=&#187;#007ab9&#8243; button_letter_spacing=&#187;2px&#187; button_font=&#187;Poppins|600||on|||||&#187; button_icon=&#187;&#x24;||divi||400&#8243; background_layout=&#187;light&#187; module_alignment=&#187;left&#187; animation_style=&#187;fade&#187; hover_enabled=&#187;0&#8243; global_colors_info=&#187;{}&#187; button_text_size__hover_enabled=&#187;off&#187; button_one_text_size__hover_enabled=&#187;off&#187; button_two_text_size__hover_enabled=&#187;off&#187; button_text_color__hover_enabled=&#187;off&#187; button_one_text_color__hover_enabled=&#187;off&#187; button_two_text_color__hover_enabled=&#187;off&#187; button_border_width__hover_enabled=&#187;off&#187; button_one_border_width__hover_enabled=&#187;off&#187; button_two_border_width__hover_enabled=&#187;off&#187; button_border_color__hover_enabled=&#187;off&#187; button_one_border_color__hover_enabled=&#187;off&#187; button_two_border_color__hover_enabled=&#187;off&#187; button_border_radius__hover_enabled=&#187;off&#187; button_one_border_radius__hover_enabled=&#187;off&#187; button_two_border_radius__hover_enabled=&#187;off&#187; button_letter_spacing__hover_enabled=&#187;off&#187; button_one_letter_spacing__hover_enabled=&#187;off&#187; button_two_letter_spacing__hover_enabled=&#187;off&#187; button_bg_color__hover_enabled=&#187;off&#187; button_one_bg_color__hover_enabled=&#187;off&#187; button_two_bg_color__hover_enabled=&#187;off&#187; theme_builder_area=&#187;post_content&#187; sticky_enabled=&#187;0&#8243; custom_padding=&#187;0px||0px||false|false&#187; custom_margin=&#187;0px||15px||false|false&#187; button_alignment=&#187;left&#187;][\/et_pb_cta][et_pb_text admin_label=&#187;Title&#187; _builder_version=&#187;4.19.5&#8243; _module_preset=&#187;default&#187; text_font=&#187;Poppins||||||||&#187; text_font_size=&#187;16px&#187; text_line_height=&#187;1.8em&#187; header_font=&#187;||||||||&#187; header_2_font=&#187;Poppins|600|||||||&#187; header_2_text_align=&#187;left&#187; header_2_font_size=&#187;36px&#187; header_2_line_height=&#187;1.4em&#187; module_alignment=&#187;center&#187; custom_margin=&#187;||||false|false&#187; animation_style=&#187;slide&#187; animation_direction=&#187;top&#187; animation_intensity_slide=&#187;10%&#187; animation_starting_opacity=&#187;100%&#187; hover_enabled=&#187;0&#8243; global_colors_info=&#187;{}&#187; theme_builder_area=&#187;post_content&#187; sticky_enabled=&#187;0&#8243;]<\/p>\n<p>Wie praktische Projekte zeigen, k\u00f6nnen ehrgeizige Ergebnisse erreicht werden, gem\u00e4ss verschiedenen DFMA-Forumsberichten und Ver\u00f6ffentlichungen.<\/p>\n<p>[\/et_pb_text][\/et_pb_column][\/et_pb_row][\/et_pb_section][et_pb_section fb_built=&#187;1&#8243; admin_label=&#187;Hero Section&#187; _builder_version=&#187;4.17.4&#8243; _module_preset=&#187;default&#187; background_color_gradient_direction=&#187;100deg&#187; background_image=&#187;https:\/\/dfma.de\/wp-content\/uploads\/2022\/06\/section-bg-hero3.png&#187; custom_padding=&#187;8%||8%|&#187; global_module=&#187;129&#8243; locked=&#187;off&#187; global_colors_info=&#187;{}&#187; theme_builder_area=&#187;post_content&#187;][et_pb_row admin_label=&#187;Hero Area&#187; _builder_version=&#187;4.17.4&#8243; _module_preset=&#187;default&#187; background_size=&#187;initial&#187; background_position=&#187;top_left&#187; background_repeat=&#187;repeat&#187; width_tablet=&#187;&#187; width_phone=&#187;90%&#187; width_last_edited=&#187;on|phone&#187; global_colors_info=&#187;{}&#187; theme_builder_area=&#187;post_content&#187;][et_pb_column type=&#187;4_4&#8243; _builder_version=&#187;4.16&#8243; _module_preset=&#187;default&#187; custom_padding=&#187;|||&#187; global_colors_info=&#187;{}&#187; custom_padding__hover=&#187;|||&#187; theme_builder_area=&#187;post_content&#187;][et_pb_cta title=&#187;Jetzt starten!&#187; button_url=&#187;https:\/\/dfma.de\/anmeldung\/&#187; button_text=&#187;Anmeldung&#187; admin_label=&#187;Hero Text&#187; _builder_version=&#187;4.19.5&#8243; _module_preset=&#187;default&#187; header_level=&#187;h1&#8243; header_font=&#187;Poppins|600|||||||&#187; header_font_size=&#187;48px&#187; header_line_height=&#187;1.4em&#187; body_font=&#187;Poppins||||||||&#187; body_font_size=&#187;18px&#187; body_line_height=&#187;1.8em&#187; use_background_color=&#187;off&#187; custom_button=&#187;on&#187; button_text_size=&#187;14px&#187; button_text_color=&#187;#ffffff&#187; button_bg_color=&#187;#007ab9&#8243; button_border_width=&#187;12px&#187; button_border_color=&#187;#007ab9&#8243; button_letter_spacing=&#187;2px&#187; button_font=&#187;Poppins|600||on|||||&#187; button_icon=&#187;&#x24;||divi||400&#8243; background_layout=&#187;light&#187; max_width=&#187;700px&#187; module_alignment=&#187;center&#187; animation_style=&#187;fade&#187; global_colors_info=&#187;{}&#187; button_text_size__hover_enabled=&#187;off&#187; button_one_text_size__hover_enabled=&#187;off&#187; button_two_text_size__hover_enabled=&#187;off&#187; button_text_color__hover_enabled=&#187;off&#187; button_one_text_color__hover_enabled=&#187;off&#187; button_two_text_color__hover_enabled=&#187;off&#187; button_border_width__hover_enabled=&#187;off&#187; button_one_border_width__hover_enabled=&#187;off&#187; button_two_border_width__hover_enabled=&#187;off&#187; button_border_color__hover_enabled=&#187;off&#187; button_one_border_color__hover_enabled=&#187;off&#187; button_two_border_color__hover_enabled=&#187;off&#187; button_border_radius__hover_enabled=&#187;off&#187; button_one_border_radius__hover_enabled=&#187;off&#187; button_two_border_radius__hover_enabled=&#187;off&#187; button_letter_spacing__hover_enabled=&#187;off&#187; button_one_letter_spacing__hover_enabled=&#187;off&#187; button_two_letter_spacing__hover_enabled=&#187;off&#187; button_bg_color__hover_enabled=&#187;off&#187; button_one_bg_color__hover_enabled=&#187;off&#187; button_two_bg_color__hover_enabled=&#187;off&#187; theme_builder_area=&#187;post_content&#187;]<\/p>\n<p>Im DFMA-Forum lernen Sie anhand eines Fallbeispiels und zahlreichen Anwendungsbeispielen die Methodik DFMA<\/p>\n<p>[\/et_pb_cta][\/et_pb_column][\/et_pb_row][\/et_pb_section]<\/p>\n","protected":false},"excerpt":{"rendered":"<p>DFMA Service f\u00fcr das Management Kostenreduzierung ist keine Zauberei, sondern geschicktes Management.In der Produktentstehung wird \u00fcber Gewinn oder Verlust entschieden Basierend auf der Erfahrung, dass 70 % der Fertigungs- und Montagekosten eines Produktes bereits im Entstehungsprozess festgeschrieben werden, entwickelte Dr. Geoffrey Boothroyd, Wissenschaftler an der University of Salford und Rhode Island, Richtlinien. Diese Richtlinien finden [&hellip;]<\/p>\n","protected":false},"author":1,"featured_media":0,"parent":0,"menu_order":0,"comment_status":"closed","ping_status":"closed","template":"","meta":{"_et_pb_use_builder":"on","_et_pb_old_content":"<!-- wp:divi\/placeholder \/-->","_et_gb_content_width":"","footnotes":""},"class_list":["post-338","page","type-page","status-publish","hentry"],"_links":{"self":[{"href":"https:\/\/dfma.de\/en\/wp-json\/wp\/v2\/pages\/338","targetHints":{"allow":["GET"]}}],"collection":[{"href":"https:\/\/dfma.de\/en\/wp-json\/wp\/v2\/pages"}],"about":[{"href":"https:\/\/dfma.de\/en\/wp-json\/wp\/v2\/types\/page"}],"author":[{"embeddable":true,"href":"https:\/\/dfma.de\/en\/wp-json\/wp\/v2\/users\/1"}],"replies":[{"embeddable":true,"href":"https:\/\/dfma.de\/en\/wp-json\/wp\/v2\/comments?post=338"}],"version-history":[{"count":4,"href":"https:\/\/dfma.de\/en\/wp-json\/wp\/v2\/pages\/338\/revisions"}],"predecessor-version":[{"id":346,"href":"https:\/\/dfma.de\/en\/wp-json\/wp\/v2\/pages\/338\/revisions\/346"}],"wp:attachment":[{"href":"https:\/\/dfma.de\/en\/wp-json\/wp\/v2\/media?parent=338"}],"curies":[{"name":"wp","href":"https:\/\/api.w.org\/{rel}","templated":true}]}}