{"id":192,"date":"2022-06-17T14:59:31","date_gmt":"2022-06-17T12:59:31","guid":{"rendered":"https:\/\/dfma.de\/?page_id=192"},"modified":"2026-04-16T17:02:22","modified_gmt":"2026-04-16T15:02:22","slug":"ueber-uns","status":"publish","type":"page","link":"https:\/\/dfma.de\/en\/ueber-uns\/","title":{"rendered":"About us"},"content":{"rendered":"<p>[et_pb_section fb_built=&#187;1&#8243; theme_builder_area=&#187;post_content&#187; _builder_version=&#187;4.27.6&#8243; _module_preset=&#187;ed23e0c6-7e79-420e-85bd-8212880af12f&#187; hover_enabled=&#187;0&#8243; sticky_enabled=&#187;0&#8243;][et_pb_row _builder_version=&#187;4.27.6&#8243; _module_preset=&#187;default&#187; theme_builder_area=&#187;post_content&#187;][et_pb_column _builder_version=&#187;4.27.6&#8243; _module_preset=&#187;default&#187; type=&#187;4_4&#8243; theme_builder_area=&#187;post_content&#187;][et_pb_text _builder_version=&#187;4.27.6&#8243; _module_preset=&#187;cd3f524f-aef8-40b0-8729-a7c92bfce0bd&#187; theme_builder_area=&#187;post_content&#187; hover_enabled=&#187;0&#8243; sticky_enabled=&#187;0&#8243;]<\/p>\n<h1><span style=\"color: #0a0a0a;\">\u00dcber uns<\/span><\/h1>\n<p>[\/et_pb_text][\/et_pb_column][\/et_pb_row][\/et_pb_section][et_pb_section fb_built=&#187;1&#8243; admin_label=&#187;About Us Section&#187; _builder_version=&#187;4.16&#8243; _module_preset=&#187;default&#187; background_size=&#187;initial&#187; background_position=&#187;bottom_left&#187; custom_padding=&#187;90px||90px|&#187; global_colors_info=&#187;{}&#187;][et_pb_row admin_label=&#187;Title Area&#187; _builder_version=&#187;4.16&#8243; _module_preset=&#187;default&#187; global_colors_info=&#187;{}&#187;][et_pb_column type=&#187;4_4&#8243; _builder_version=&#187;4.16&#8243; _module_preset=&#187;default&#187; custom_padding=&#187;|||&#187; global_colors_info=&#187;{}&#187; custom_padding__hover=&#187;|||&#187;][et_pb_text admin_label=&#187;Title&#187; _builder_version=&#187;4.17.4&#8243; _module_preset=&#187;default&#187; text_font=&#187;Poppins||||||||&#187; text_font_size=&#187;16px&#187; text_line_height=&#187;1.8em&#187; header_font=&#187;||||||||&#187; header_2_font=&#187;Poppins|600|||||||&#187; header_2_text_align=&#187;center&#187; header_2_font_size=&#187;36px&#187; header_2_line_height=&#187;1.4em&#187; text_orientation=&#187;center&#187; module_alignment=&#187;center&#187; custom_margin=&#187;||10px|&#187; animation_style=&#187;slide&#187; animation_direction=&#187;top&#187; animation_intensity_slide=&#187;10%&#187; animation_starting_opacity=&#187;100%&#187; global_colors_info=&#187;{}&#187;]<\/p>\n<h2>amc-Produkte<br \/>Kernkompetenz in den 3 Hauptbereichen<\/h2>\n<p>[\/et_pb_text][\/et_pb_column][\/et_pb_row][et_pb_row column_structure=&#187;1_3,1_3,1_3&#8243; admin_label=&#187;Services Area&#187; _builder_version=&#187;4.16&#8243; _module_preset=&#187;default&#187; global_colors_info=&#187;{}&#187;][et_pb_column type=&#187;1_3&#8243; _builder_version=&#187;4.16&#8243; _module_preset=&#187;default&#187; custom_padding=&#187;|||&#187; global_colors_info=&#187;{}&#187; custom_padding__hover=&#187;|||&#187;][et_pb_image src=&#187;https:\/\/dfma.de\/wp-content\/uploads\/2022\/06\/coding-icon_levels.png&#187; align_tablet=&#187;center&#187; align_phone=&#187;center&#187; align_last_edited=&#187;on|desktop&#187; _builder_version=&#187;4.16&#8243; _module_preset=&#187;default&#187; custom_margin=&#187;|||&#187; global_colors_info=&#187;{}&#187;][\/et_pb_image][et_pb_cta title=&#187;Training&#187; button_url=&#187;https:\/\/dfma.de\/training\/&#187; button_text=&#187;Mehr dazu&#187; admin_label=&#187;Service&#187; _builder_version=&#187;4.17.4&#8243; _module_preset=&#187;default&#187; header_font=&#187;Poppins|600|||||||&#187; header_text_color=&#187;#2a2a2a&#187; header_font_size=&#187;18px&#187; header_line_height=&#187;1.4em&#187; body_font=&#187;Poppins||||||||&#187; body_text_color=&#187;#666666&#8243; body_line_height=&#187;1.8em&#187; use_background_color=&#187;off&#187; custom_button=&#187;on&#187; button_text_size=&#187;14px&#187; button_text_color=&#187;#8b20bb&#187; button_bg_color=&#187;rgba(0,0,0,0)&#187; button_border_width=&#187;0px&#187; button_letter_spacing=&#187;2px&#187; button_font=&#187;Poppins|600||on|||||&#187; button_icon=&#187;&#x24;||divi||400&#8243; button_alignment=&#187;left&#187; text_orientation=&#187;left&#187; custom_margin=&#187;|||&#187; custom_padding=&#187;|||&#187; animation_style=&#187;fade&#187; global_colors_info=&#187;{}&#187; button_text_size__hover_enabled=&#187;off&#187; button_one_text_size__hover_enabled=&#187;off&#187; button_two_text_size__hover_enabled=&#187;off&#187; button_text_color__hover_enabled=&#187;off&#187; button_one_text_color__hover_enabled=&#187;off&#187; button_two_text_color__hover_enabled=&#187;off&#187; button_border_width__hover_enabled=&#187;off&#187; button_one_border_width__hover_enabled=&#187;off&#187; button_two_border_width__hover_enabled=&#187;off&#187; button_border_color__hover_enabled=&#187;off&#187; button_one_border_color__hover_enabled=&#187;off&#187; button_two_border_color__hover_enabled=&#187;off&#187; button_border_radius__hover_enabled=&#187;off&#187; button_one_border_radius__hover_enabled=&#187;off&#187; button_two_border_radius__hover_enabled=&#187;off&#187; button_letter_spacing__hover_enabled=&#187;off&#187; button_one_letter_spacing__hover_enabled=&#187;off&#187; button_two_letter_spacing__hover_enabled=&#187;off&#187; button_bg_color__hover_enabled=&#187;off&#187; button_one_bg_color__hover_enabled=&#187;off&#187; button_two_bg_color__hover_enabled=&#187;off&#187;]<\/p>\n<p>Das prim\u00e4re Ziel der Trainings ist, neuen Anwendern den ersten Umgang mit den DFMA Werkzeugen zu erleichtern und zu einem schnelleren Einstieg in die Techniken der pr\u00e4ventiven Kostenoptimierung zu verhelfen.<\/p>\n<p>[\/et_pb_cta][\/et_pb_column][et_pb_column type=&#187;1_3&#8243; _builder_version=&#187;4.16&#8243; _module_preset=&#187;default&#187; custom_padding=&#187;|||&#187; global_colors_info=&#187;{}&#187; custom_padding__hover=&#187;|||&#187;][et_pb_image src=&#187;https:\/\/dfma.de\/wp-content\/uploads\/2022\/06\/coding-icon_ux.png&#187; align_tablet=&#187;center&#187; align_phone=&#187;center&#187; align_last_edited=&#187;on|desktop&#187; _builder_version=&#187;4.16&#8243; _module_preset=&#187;default&#187; custom_margin=&#187;|||&#187; locked=&#187;off&#187; global_colors_info=&#187;{}&#187;][\/et_pb_image][et_pb_cta title=&#187;Tool&#187; button_url=&#187;https:\/\/dfma.de\/tools\/&#187; button_text=&#187;Mehr dazu&#187; admin_label=&#187;Service&#187; _builder_version=&#187;4.17.4&#8243; _module_preset=&#187;default&#187; header_font=&#187;Poppins|600|||||||&#187; header_text_color=&#187;#2a2a2a&#187; header_font_size=&#187;18px&#187; header_line_height=&#187;1.4em&#187; body_font=&#187;Poppins||||||||&#187; body_text_color=&#187;#666666&#8243; body_line_height=&#187;1.8em&#187; use_background_color=&#187;off&#187; custom_button=&#187;on&#187; button_text_size=&#187;14px&#187; button_text_color=&#187;#8b20bb&#187; button_bg_color=&#187;rgba(0,0,0,0)&#187; button_border_width=&#187;0px&#187; button_letter_spacing=&#187;2px&#187; button_font=&#187;Poppins|600||on|||||&#187; button_icon=&#187;&#x24;||divi||400&#8243; button_alignment=&#187;left&#187; text_orientation=&#187;left&#187; custom_margin=&#187;|||&#187; custom_padding=&#187;|||&#187; animation_style=&#187;fade&#187; locked=&#187;off&#187; global_colors_info=&#187;{}&#187; button_text_size__hover_enabled=&#187;off&#187; button_one_text_size__hover_enabled=&#187;off&#187; button_two_text_size__hover_enabled=&#187;off&#187; button_text_color__hover_enabled=&#187;off&#187; button_one_text_color__hover_enabled=&#187;off&#187; button_two_text_color__hover_enabled=&#187;off&#187; button_border_width__hover_enabled=&#187;off&#187; button_one_border_width__hover_enabled=&#187;off&#187; button_two_border_width__hover_enabled=&#187;off&#187; button_border_color__hover_enabled=&#187;off&#187; button_one_border_color__hover_enabled=&#187;off&#187; button_two_border_color__hover_enabled=&#187;off&#187; button_border_radius__hover_enabled=&#187;off&#187; button_one_border_radius__hover_enabled=&#187;off&#187; button_two_border_radius__hover_enabled=&#187;off&#187; button_letter_spacing__hover_enabled=&#187;off&#187; button_one_letter_spacing__hover_enabled=&#187;off&#187; button_two_letter_spacing__hover_enabled=&#187;off&#187; button_bg_color__hover_enabled=&#187;off&#187; button_one_bg_color__hover_enabled=&#187;off&#187; button_two_bg_color__hover_enabled=&#187;off&#187;]<\/p>\n<p>Eine Reihe von Tools unterst\u00fctzen das Verfahren zur pr\u00e4ventiven Optimierung und dessen verschiedenen Anwendungen in der industriellen Praxis. Die wichtigsten sind: DFA, DFM, DFS und DFE.<\/p>\n<p>[\/et_pb_cta][\/et_pb_column][et_pb_column type=&#187;1_3&#8243; _builder_version=&#187;4.16&#8243; _module_preset=&#187;default&#187; custom_padding=&#187;|||&#187; global_colors_info=&#187;{}&#187; custom_padding__hover=&#187;|||&#187;][et_pb_image src=&#187;https:\/\/dfma.de\/wp-content\/uploads\/2022\/06\/coding-icon_document.png&#187; align_tablet=&#187;center&#187; align_phone=&#187;center&#187; align_last_edited=&#187;on|desktop&#187; _builder_version=&#187;4.16&#8243; _module_preset=&#187;default&#187; custom_margin=&#187;|||&#187; locked=&#187;off&#187; global_colors_info=&#187;{}&#187;][\/et_pb_image][et_pb_cta title=&#187;Service&#187; button_url=&#187;https:\/\/dfma.de\/service\/&#187; button_text=&#187;Mehr dazu&#187; admin_label=&#187;Service&#187; _builder_version=&#187;4.17.4&#8243; _module_preset=&#187;default&#187; header_font=&#187;Poppins|600|||||||&#187; header_text_color=&#187;#2a2a2a&#187; header_font_size=&#187;18px&#187; header_line_height=&#187;1.4em&#187; body_font=&#187;Poppins||||||||&#187; body_text_color=&#187;#666666&#8243; body_line_height=&#187;1.8em&#187; use_background_color=&#187;off&#187; custom_button=&#187;on&#187; button_text_size=&#187;14px&#187; button_text_color=&#187;#8b20bb&#187; button_bg_color=&#187;rgba(0,0,0,0)&#187; button_border_width=&#187;0px&#187; button_letter_spacing=&#187;2px&#187; button_font=&#187;Poppins|600||on|||||&#187; button_icon=&#187;&#x24;||divi||400&#8243; button_alignment=&#187;left&#187; text_orientation=&#187;left&#187; custom_margin=&#187;|||&#187; custom_padding=&#187;|||&#187; animation_style=&#187;fade&#187; locked=&#187;off&#187; global_colors_info=&#187;{}&#187; button_text_size__hover_enabled=&#187;off&#187; button_one_text_size__hover_enabled=&#187;off&#187; button_two_text_size__hover_enabled=&#187;off&#187; button_text_color__hover_enabled=&#187;off&#187; button_one_text_color__hover_enabled=&#187;off&#187; button_two_text_color__hover_enabled=&#187;off&#187; button_border_width__hover_enabled=&#187;off&#187; button_one_border_width__hover_enabled=&#187;off&#187; button_two_border_width__hover_enabled=&#187;off&#187; button_border_color__hover_enabled=&#187;off&#187; button_one_border_color__hover_enabled=&#187;off&#187; button_two_border_color__hover_enabled=&#187;off&#187; button_border_radius__hover_enabled=&#187;off&#187; button_one_border_radius__hover_enabled=&#187;off&#187; button_two_border_radius__hover_enabled=&#187;off&#187; button_letter_spacing__hover_enabled=&#187;off&#187; button_one_letter_spacing__hover_enabled=&#187;off&#187; button_two_letter_spacing__hover_enabled=&#187;off&#187; button_bg_color__hover_enabled=&#187;off&#187; button_one_bg_color__hover_enabled=&#187;off&#187; button_two_bg_color__hover_enabled=&#187;off&#187;]<\/p>\n<p>Kostenreduzierung ist keine Zauberei, sondern geschicktes Management.<br \/>Auch in Ihrem Betrieb schlummern Kostensenkungspotentiale, die durch DFMA ausgesch\u00f6pft werden k\u00f6nnen.<\/p>\n<p>[\/et_pb_cta][\/et_pb_column][\/et_pb_row][\/et_pb_section][et_pb_section fb_built=&#187;1&#8243; admin_label=&#187;Feature Section&#187; _builder_version=&#187;4.16&#8243; _module_preset=&#187;default&#187; background_color=&#187;#f7f7f7&#8243; background_color_gradient_direction=&#187;90deg&#187; background_image=&#187;https:\/\/dfma.de\/wp-content\/uploads\/2022\/06\/section-bg-circle-left3.png&#187; background_position=&#187;bottom_center&#187; custom_padding=&#187;89px||90px|&#187; global_colors_info=&#187;{}&#187;][et_pb_row column_structure=&#187;1_2,1_2&#8243; admin_label=&#187;Feature Area&#187; _builder_version=&#187;4.16&#8243; _module_preset=&#187;default&#187; global_colors_info=&#187;{}&#187;][et_pb_column type=&#187;1_2&#8243; _builder_version=&#187;4.16&#8243; _module_preset=&#187;default&#187; custom_padding=&#187;|||&#187; global_colors_info=&#187;{}&#187; custom_padding__hover=&#187;|||&#187;][et_pb_image src=&#187;https:\/\/dfma.de\/wp-content\/uploads\/2022\/06\/dfmaamc-services.png&#187; title_text=&#187;dfmaamc-services&#187; align=&#187;center&#187; align_tablet=&#187;center&#187; align_phone=&#187;center&#187; align_last_edited=&#187;on|desktop&#187; _builder_version=&#187;4.17.4&#8243; _module_preset=&#187;default&#187; global_colors_info=&#187;{}&#187;][\/et_pb_image][\/et_pb_column][et_pb_column type=&#187;1_2&#8243; _builder_version=&#187;4.16&#8243; _module_preset=&#187;default&#187; custom_padding=&#187;50px||50px|&#187; global_colors_info=&#187;{}&#187; custom_padding__hover=&#187;|||&#187;][et_pb_text admin_label=&#187;Title&#187; _builder_version=&#187;4.17.4&#8243; _module_preset=&#187;default&#187; text_font=&#187;Poppins||||||||&#187; text_font_size=&#187;16px&#187; text_line_height=&#187;1.8em&#187; header_font=&#187;||||||||&#187; header_2_font=&#187;Poppins|600|||||||&#187; header_2_text_align=&#187;left&#187; header_2_font_size=&#187;36px&#187; header_2_line_height=&#187;1.4em&#187; max_width=&#187;550px&#187; module_alignment=&#187;center&#187; custom_margin=&#187;||10px|&#187; animation_style=&#187;slide&#187; animation_direction=&#187;top&#187; animation_intensity_slide=&#187;10%&#187; animation_starting_opacity=&#187;100%&#187; global_colors_info=&#187;{}&#187;]<\/p>\n<h2>Kern- und flankierende Fachkompetenz<br \/>von amc<\/h2>\n<p>Mit einem erfahrenen Ingenieurteam von DFMA &#8211; Trainern und DFM \/ DFA &#8211; Moderatoren wurde die DFMA-Methodik in vielen Unternehmen in Europa in die Abl\u00e4ufe eingef\u00fchrt.<\/p>\n<p>Unsere Mitarbeiter sind in der DFMA-Methodik von dem f\u00fchrenden US-Amerikanischen Professorenteam, Drs. G. Boothroyd und P. Dewhurst der Firma BDI, ausgebildet und zertifiziert.<\/p>\n<p>Der wesentliche Beitrag am Erfolg gr\u00fcndet in der Anpassung der DFMA-Methodik an die sprachliche, kulturelle und marktspezifische Gegebenheit der europ\u00e4ischen Industrie.<\/p>\n<p>Damit entwickelte sich amc zum heutigen Kompetenzzentrum und f\u00fchrenden Partner im Europaraum im Verfahren zur pr\u00e4ventiven Kostenoptimierung mit DFMA.<\/p>\n<p>[\/et_pb_text][\/et_pb_column][\/et_pb_row][\/et_pb_section][et_pb_section fb_built=&#187;1&#8243; admin_label=&#187;Member Section&#187; _builder_version=&#187;4.16&#8243; _module_preset=&#187;default&#187; background_position=&#187;top_center&#187; custom_padding=&#187;90px||90px|&#187; global_colors_info=&#187;{}&#187;][et_pb_row admin_label=&#187;Title Area&#187; _builder_version=&#187;4.16&#8243; _module_preset=&#187;default&#187; background_size=&#187;initial&#187; background_position=&#187;center_left&#187; custom_padding=&#187;|||&#187; global_colors_info=&#187;{}&#187;][et_pb_column type=&#187;4_4&#8243; _builder_version=&#187;4.16&#8243; _module_preset=&#187;default&#187; custom_padding=&#187;|||&#187; global_colors_info=&#187;{}&#187; custom_padding__hover=&#187;|||&#187;][et_pb_text admin_label=&#187;Title&#187; _builder_version=&#187;4.27.6&#8243; _module_preset=&#187;default&#187; text_font=&#187;Poppins||||||||&#187; text_font_size=&#187;16px&#187; text_line_height=&#187;1.8em&#187; header_font=&#187;||||||||&#187; header_2_font=&#187;Poppins|600|||||||&#187; header_2_text_align=&#187;center&#187; header_2_font_size=&#187;36px&#187; header_2_line_height=&#187;1.4em&#187; text_orientation=&#187;center&#187; module_alignment=&#187;center&#187; custom_margin=&#187;||10px|&#187; animation_style=&#187;slide&#187; animation_direction=&#187;top&#187; animation_intensity_slide=&#187;10%&#187; animation_starting_opacity=&#187;100%&#187; locked=&#187;off&#187; global_colors_info=&#187;{}&#187;]<\/p>\n<h2>Das Team<\/h2>\n<p>Unser Team vereint \u00fcber 45 Jahre DFMA-Erfahrung \u2013 und unterst\u00fctzt Sie dabei, DFMA wirksam in Ihrem Unternehmen zu verankern.<\/p>\n<p>[\/et_pb_text][\/et_pb_column][\/et_pb_row][et_pb_row column_structure=&#187;1_3,1_3,1_3&#8243; admin_label=&#187;Members&#187; _builder_version=&#187;4.21.0&#8243; _module_preset=&#187;default&#187; custom_padding=&#187;||15px||false|false&#187; global_colors_info=&#187;{}&#187;][et_pb_column type=&#187;1_3&#8243; _builder_version=&#187;4.16&#8243; _module_preset=&#187;default&#187; custom_padding=&#187;|||&#187; global_colors_info=&#187;{}&#187; custom_padding__hover=&#187;|||&#187;][et_pb_team_member name=&#187;Josef Pfammatter&#187; position=&#187;Management R&#038;D&#187; image_url=&#187;https:\/\/dfma.de\/wp-content\/uploads\/2022\/06\/001-man-300&#215;300.png&#187; _builder_version=&#187;4.21.0&#8243; _module_preset=&#187;default&#187; header_font=&#187;Poppins|600|||||||&#187; header_text_align=&#187;center&#187; header_font_size=&#187;22px&#187; header_line_height=&#187;1.4em&#187; body_font=&#187;Poppins||||||||&#187; body_font_size=&#187;16px&#187; body_line_height=&#187;1.8em&#187; position_text_align=&#187;center&#187; text_orientation=&#187;center&#187; global_colors_info=&#187;{}&#187;]<\/p>\n<p>+41 52 741 30 44<br \/><a href=\"mailto:josef.pfammatter@dfma.de\">josef.pfammatter@dfma.de<\/a><\/p>\n<p>[\/et_pb_team_member][\/et_pb_column][et_pb_column type=&#187;1_3&#8243; _builder_version=&#187;4.16&#8243; _module_preset=&#187;default&#187; custom_padding=&#187;|||&#187; global_colors_info=&#187;{}&#187; custom_padding__hover=&#187;|||&#187;][et_pb_team_member name=&#187;Amarin Pfammatter&#187; position=&#187;Manger Implementation Service&#187; image_url=&#187;https:\/\/dfma.de\/wp-content\/uploads\/2022\/06\/011-man-300&#215;300.png&#187; _builder_version=&#187;4.21.0&#8243; _module_preset=&#187;default&#187; header_font=&#187;Poppins|600|||||||&#187; header_text_align=&#187;center&#187; header_font_size=&#187;22px&#187; header_line_height=&#187;1.4em&#187; body_font=&#187;Poppins||||||||&#187; body_font_size=&#187;16px&#187; body_line_height=&#187;1.8em&#187; position_text_align=&#187;center&#187; text_orientation=&#187;center&#187; global_colors_info=&#187;{}&#187;]<\/p>\n<p>+41 79 751 76 00<br \/><a href=\"mailto:Amarin.pfammatter@dfma.de\">amarin.pfammatter@dfma.de<\/a><\/p>\n<p>[\/et_pb_team_member][\/et_pb_column][et_pb_column type=&#187;1_3&#8243; _builder_version=&#187;4.16&#8243; _module_preset=&#187;default&#187; custom_padding=&#187;|||&#187; global_colors_info=&#187;{}&#187; custom_padding__hover=&#187;|||&#187;][et_pb_team_member name=&#187;Philipp Andermatt&#187; position=&#187;Project Management&#187; image_url=&#187;https:\/\/dfma.de\/wp-content\/uploads\/2022\/06\/058-man-300&#215;300.png&#187; _builder_version=&#187;4.27.5&#8243; _module_preset=&#187;default&#187; header_font=&#187;Poppins|600|||||||&#187; header_text_align=&#187;center&#187; header_font_size=&#187;22px&#187; header_line_height=&#187;1.4em&#187; body_font=&#187;Poppins||||||||&#187; body_font_size=&#187;16px&#187; body_line_height=&#187;1.8em&#187; position_text_align=&#187;center&#187; text_orientation=&#187;center&#187; global_colors_info=&#187;{}&#187;]<\/p>\n<p><a href=\"mailto:pius.poredos@dfma.de\">philipp.andermatt@dfma.de<\/a><\/p>\n<p>[\/et_pb_team_member][\/et_pb_column][\/et_pb_row][et_pb_row column_structure=&#187;1_3,1_3,1_3&#8243; admin_label=&#187;Members&#187; _builder_version=&#187;4.21.0&#8243; _module_preset=&#187;default&#187; custom_padding=&#187;15px||||false|false&#187; global_colors_info=&#187;{}&#187;][et_pb_column type=&#187;1_3&#8243; _builder_version=&#187;4.16&#8243; _module_preset=&#187;default&#187; custom_padding=&#187;|||&#187; global_colors_info=&#187;{}&#187; custom_padding__hover=&#187;|||&#187;][et_pb_team_member name=&#187;Mehmet Bardakci&#187; position=&#187;DFMA Master&#187; image_url=&#187;https:\/\/dfma.de\/wp-content\/uploads\/2022\/06\/011-man-300&#215;300.png&#187; _builder_version=&#187;4.27.5&#8243; _module_preset=&#187;default&#187; header_font=&#187;Poppins|600|||||||&#187; header_text_align=&#187;center&#187; header_font_size=&#187;22px&#187; header_line_height=&#187;1.4em&#187; body_font=&#187;Poppins||||||||&#187; body_font_size=&#187;16px&#187; body_line_height=&#187;1.8em&#187; position_text_align=&#187;center&#187; text_orientation=&#187;center&#187; global_colors_info=&#187;{}&#187;]<\/p>\n<p><a href=\"mailto:bernd.haussmann@dfma.de\">mehmet.bardakci@dfma.de<\/a><\/p>\n<p>[\/et_pb_team_member][\/et_pb_column][et_pb_column type=&#187;1_3&#8243; _builder_version=&#187;4.27.5&#8243; _module_preset=&#187;default&#187; global_colors_info=&#187;{}&#187;][\/et_pb_column][et_pb_column type=&#187;1_3&#8243; _builder_version=&#187;4.16&#8243; _module_preset=&#187;default&#187; custom_padding=&#187;|||&#187; global_colors_info=&#187;{}&#187; custom_padding__hover=&#187;|||&#187;][et_pb_team_member name=&#187;Bernd Haussmann&#187; position=&#187;DFMA Master &#038; Triz Expert&#187; image_url=&#187;https:\/\/dfma.de\/wp-content\/uploads\/2022\/06\/058-man-300&#215;300.png&#187; _builder_version=&#187;4.27.5&#8243; _module_preset=&#187;default&#187; header_font=&#187;Poppins|600|||||||&#187; header_text_align=&#187;center&#187; header_font_size=&#187;22px&#187; header_line_height=&#187;1.4em&#187; body_font=&#187;Poppins||||||||&#187; body_font_size=&#187;16px&#187; body_line_height=&#187;1.8em&#187; position_text_align=&#187;center&#187; text_orientation=&#187;center&#187; global_colors_info=&#187;{}&#187;]<\/p>\n<p>+49 731 9691 6010<br \/><a href=\"mailto:bernd.haussmann@dfma.de\">bernd.haussmann@dfma.de<\/a><\/p>\n<p>[\/et_pb_team_member][\/et_pb_column][\/et_pb_row][\/et_pb_section][et_pb_section fb_built=&#187;1&#8243; admin_label=&#187;Hero Section&#187; _builder_version=&#187;4.27.6&#8243; _module_preset=&#187;default&#187; background_color=&#187;#FFFFFF&#187; background_color_gradient_direction=&#187;100deg&#187; background_image=&#187;https:\/\/dfma.de\/wp-content\/uploads\/2022\/06\/section-bg-hero3.png&#187; background_enable_image=&#187;off&#187; min_height=&#187;364.4px&#187; custom_padding=&#187;0%||0%|||&#187; global_module=&#187;129&#8243; locked=&#187;off&#187; global_colors_info=&#187;{}&#187;][et_pb_row admin_label=&#187;Hero Area&#187; _builder_version=&#187;4.17.4&#8243; _module_preset=&#187;default&#187; background_size=&#187;initial&#187; background_position=&#187;top_left&#187; background_repeat=&#187;repeat&#187; width_tablet=&#187;&#187; width_phone=&#187;90%&#187; width_last_edited=&#187;on|phone&#187; global_colors_info=&#187;{}&#187;][et_pb_column type=&#187;4_4&#8243; _builder_version=&#187;4.16&#8243; _module_preset=&#187;default&#187; custom_padding=&#187;|||&#187; global_colors_info=&#187;{}&#187; custom_padding__hover=&#187;|||&#187;][et_pb_cta title=&#187;Lernen Sie DFMA kennen &#8211; Nehmen Sie am Forum Teil&#187; button_url=&#187;@ET-DC@eyJkeW5hbWljIjp0cnVlLCJjb250ZW50IjoicG9zdF9saW5rX3VybF9wYWdlIiwic2V0dGluZ3MiOnsicG9zdF9pZCI6IjIwOSJ9fQ==@&#187; button_text=&#187;Anmeldung&#187; admin_label=&#187;Hero Text&#187; _builder_version=&#187;4.27.6&#8243; _dynamic_attributes=&#187;button_url&#187; _module_preset=&#187;default&#187; header_level=&#187;h1&#8243; header_font=&#187;Poppins|600|||||||&#187; header_font_size=&#187;48px&#187; header_line_height=&#187;1.4em&#187; body_font=&#187;Poppins||||||||&#187; body_font_size=&#187;18px&#187; body_line_height=&#187;1.8em&#187; use_background_color=&#187;off&#187; custom_button=&#187;on&#187; button_text_size=&#187;14px&#187; button_text_color=&#187;#ffffff&#187; button_bg_color=&#187;#007ab9&#8243; button_border_width=&#187;12px&#187; button_border_color=&#187;#007ab9&#8243; button_letter_spacing=&#187;2px&#187; button_font=&#187;Poppins|600||on|||||&#187; button_icon=&#187;&#x24;||divi||400&#8243; background_layout=&#187;light&#187; max_width=&#187;700px&#187; module_alignment=&#187;center&#187; animation_style=&#187;fade&#187; global_colors_info=&#187;{}&#187; button_text_size__hover_enabled=&#187;off&#187; button_one_text_size__hover_enabled=&#187;off&#187; button_two_text_size__hover_enabled=&#187;off&#187; button_text_color__hover_enabled=&#187;off&#187; button_one_text_color__hover_enabled=&#187;off&#187; button_two_text_color__hover_enabled=&#187;off&#187; button_border_width__hover_enabled=&#187;off&#187; button_one_border_width__hover_enabled=&#187;off&#187; button_two_border_width__hover_enabled=&#187;off&#187; button_border_color__hover_enabled=&#187;off&#187; button_one_border_color__hover_enabled=&#187;off&#187; button_two_border_color__hover_enabled=&#187;off&#187; button_border_radius__hover_enabled=&#187;off&#187; button_one_border_radius__hover_enabled=&#187;off&#187; button_two_border_radius__hover_enabled=&#187;off&#187; button_letter_spacing__hover_enabled=&#187;off&#187; button_one_letter_spacing__hover_enabled=&#187;off&#187; button_two_letter_spacing__hover_enabled=&#187;off&#187; button_bg_color__hover_enabled=&#187;off&#187; button_one_bg_color__hover_enabled=&#187;off&#187; button_two_bg_color__hover_enabled=&#187;off&#187;]<\/p>\n<p>Beim Forum lernen Sie DFMA anhand von Fallbeispielen und Erfolgsgeschichten von DFMA-Anwendern kennen.<\/p>\n<p>[\/et_pb_cta][\/et_pb_column][\/et_pb_row][\/et_pb_section]<\/p>\n","protected":false},"excerpt":{"rendered":"<p>\u00dcber unsamc-ProdukteKernkompetenz in den 3 HauptbereichenDas prim\u00e4re Ziel der Trainings ist, neuen Anwendern den ersten Umgang mit den DFMA Werkzeugen zu erleichtern und zu einem schnelleren Einstieg in die Techniken der pr\u00e4ventiven Kostenoptimierung zu verhelfen.Eine Reihe von Tools unterst\u00fctzen das Verfahren zur pr\u00e4ventiven Optimierung und dessen verschiedenen Anwendungen in der industriellen Praxis. Die wichtigsten sind: [&hellip;]<\/p>\n","protected":false},"author":1,"featured_media":0,"parent":0,"menu_order":0,"comment_status":"closed","ping_status":"closed","template":"","meta":{"_et_pb_use_builder":"on","_et_pb_old_content":"","_et_gb_content_width":"","footnotes":""},"class_list":["post-192","page","type-page","status-publish","hentry"],"_links":{"self":[{"href":"https:\/\/dfma.de\/en\/wp-json\/wp\/v2\/pages\/192","targetHints":{"allow":["GET"]}}],"collection":[{"href":"https:\/\/dfma.de\/en\/wp-json\/wp\/v2\/pages"}],"about":[{"href":"https:\/\/dfma.de\/en\/wp-json\/wp\/v2\/types\/page"}],"author":[{"embeddable":true,"href":"https:\/\/dfma.de\/en\/wp-json\/wp\/v2\/users\/1"}],"replies":[{"embeddable":true,"href":"https:\/\/dfma.de\/en\/wp-json\/wp\/v2\/comments?post=192"}],"version-history":[{"count":15,"href":"https:\/\/dfma.de\/en\/wp-json\/wp\/v2\/pages\/192\/revisions"}],"predecessor-version":[{"id":683,"href":"https:\/\/dfma.de\/en\/wp-json\/wp\/v2\/pages\/192\/revisions\/683"}],"wp:attachment":[{"href":"https:\/\/dfma.de\/en\/wp-json\/wp\/v2\/media?parent=192"}],"curies":[{"name":"wp","href":"https:\/\/api.w.org\/{rel}","templated":true}]}}