{"id":138,"date":"2022-06-14T14:23:02","date_gmt":"2022-06-14T12:23:02","guid":{"rendered":"https:\/\/dfma.de\/?page_id=138"},"modified":"2023-02-16T09:47:52","modified_gmt":"2023-02-16T08:47:52","slug":"dfa","status":"publish","type":"page","link":"https:\/\/dfma.de\/en\/dfa\/","title":{"rendered":"DFA"},"content":{"rendered":"<p>[et_pb_section fb_built=&#187;1&#8243; admin_label=&#187;Page Title Section&#187; _builder_version=&#187;4.19.5&#8243; _module_preset=&#187;default&#187; use_background_color_gradient=&#187;on&#187; background_color_gradient_direction=&#187;100deg&#187; background_color_gradient_stops=&#187;#6b73ff 0%|#007ab9 100%&#187; background_color_gradient_start=&#187;#6b73ff&#187; background_color_gradient_end=&#187;#000dff&#187; background_image=&#187;https:\/\/dfma.de\/wp-content\/uploads\/2022\/06\/section-bg-heptagon-right2.png&#187; custom_padding=&#187;100px||100px|&#187; hover_enabled=&#187;0&#8243; global_colors_info=&#187;{}&#187; sticky_enabled=&#187;0&#8243;][et_pb_row admin_label=&#187;Page Title Area&#187; _builder_version=&#187;4.16&#8243; _module_preset=&#187;default&#187; global_colors_info=&#187;{}&#187;][et_pb_column type=&#187;4_4&#8243; _builder_version=&#187;4.16&#8243; _module_preset=&#187;default&#187; custom_padding=&#187;|||&#187; global_colors_info=&#187;{}&#187; custom_padding__hover=&#187;|||&#187;][et_pb_text admin_label=&#187;Title&#187; _builder_version=&#187;4.17.4&#8243; _module_preset=&#187;default&#187; text_font=&#187;Poppins||||||||&#187; text_font_size=&#187;18px&#187; text_line_height=&#187;1.8em&#187; header_font=&#187;Poppins|600|||||||&#187; header_font_size=&#187;48px&#187; header_line_height=&#187;1.4em&#187; header_2_font=&#187;||||||||&#187; text_orientation=&#187;center&#187; background_layout=&#187;dark&#187; max_width=&#187;700px&#187; module_alignment=&#187;center&#187; custom_margin=&#187;|||&#187; animation_style=&#187;fade&#187; global_colors_info=&#187;{}&#187;]<\/p>\n<h1>DFA\u00ae Tools<\/h1>\n<p>Das DFA Werkzeug wird im ersten Teil der Vorgehensweise zur pr\u00e4ventiven Optimierung der Produktkosten und zur Verbesserung der Qualit\u00e4t eingesetzt.[\/et_pb_text][\/et_pb_column][\/et_pb_row][\/et_pb_section][et_pb_section fb_built=&#187;1&#8243; admin_label=&#187;Feature Section&#187; _builder_version=&#187;4.16&#8243; _module_preset=&#187;default&#187; background_color=&#187;#f7f7f7&#8243; background_color_gradient_direction=&#187;90deg&#187; background_image=&#187;https:\/\/dfma.de\/wp-content\/uploads\/2022\/06\/section-bg-circle-left3.png&#187; background_position=&#187;bottom_center&#187; custom_padding=&#187;89px||90px|&#187; global_colors_info=&#187;{}&#187;][et_pb_row column_structure=&#187;1_2,1_2&#8243; _builder_version=&#187;4.17.4&#8243; _module_preset=&#187;default&#187; global_colors_info=&#187;{}&#187;][et_pb_column type=&#187;1_2&#8243; _builder_version=&#187;4.17.4&#8243; _module_preset=&#187;default&#187; global_colors_info=&#187;{}&#187;][et_pb_image src=&#187;https:\/\/dfma.de\/wp-content\/uploads\/2022\/06\/dfma-training.jpg&#187; title_text=&#187;dfma-training&#187; _builder_version=&#187;4.17.4&#8243; _module_preset=&#187;default&#187; global_colors_info=&#187;{}&#187;][\/et_pb_image][\/et_pb_column][et_pb_column type=&#187;1_2&#8243; _builder_version=&#187;4.17.4&#8243; _module_preset=&#187;default&#187; global_colors_info=&#187;{}&#187;][et_pb_text admin_label=&#187;Title&#187; _builder_version=&#187;4.17.4&#8243; _module_preset=&#187;default&#187; text_font=&#187;Poppins||||||||&#187; text_font_size=&#187;16px&#187; text_line_height=&#187;1.8em&#187; header_font=&#187;||||||||&#187; header_2_font=&#187;Poppins|600|||||||&#187; header_2_text_align=&#187;left&#187; header_2_font_size=&#187;36px&#187; header_2_line_height=&#187;1.4em&#187; module_alignment=&#187;center&#187; custom_margin=&#187;||||false|false&#187; animation_style=&#187;slide&#187; animation_direction=&#187;top&#187; animation_intensity_slide=&#187;10%&#187; animation_starting_opacity=&#187;100%&#187; global_colors_info=&#187;{}&#187;]<\/p>\n<h2>Einsatz<\/h2>\n<p>Das DFA Werkzeug wird im ersten Teil der Vorgehensweise zur pr\u00e4ventiven Optimierung der Produktkosten und zur Verbesserung der Qualit\u00e4t eingesetzt.<\/p>\n<p>Der erste Einsatz erfolgt bereits in der Konzeptphase neuer Produkte oder zu Beginn von Ratioprojekten.<br \/>Im Wesentlichen erfolgt der Einsatz, um die Komplexit\u00e4t eines Produktes zu optimieren.<\/p>\n<p>Die Montierbarkeit, die Prozesse (incl. Logistik) zu vereinfachen sowie die Teamarbeit von Projektteams zu unterst\u00fctzen und zu beschleunigen.<\/p>\n<p>[\/et_pb_text][\/et_pb_column][\/et_pb_row][\/et_pb_section][et_pb_section fb_built=&#187;1&#8243; _builder_version=&#187;4.17.4&#8243; _module_preset=&#187;default&#187; global_colors_info=&#187;{}&#187;][et_pb_row _builder_version=&#187;4.17.4&#8243; _module_preset=&#187;default&#187; global_colors_info=&#187;{}&#187;][et_pb_column type=&#187;4_4&#8243; _builder_version=&#187;4.17.4&#8243; _module_preset=&#187;default&#187; global_colors_info=&#187;{}&#187;][et_pb_text admin_label=&#187;Title&#187; _builder_version=&#187;4.17.4&#8243; _module_preset=&#187;default&#187; text_font=&#187;Poppins||||||||&#187; text_font_size=&#187;16px&#187; text_line_height=&#187;1.8em&#187; header_font=&#187;||||||||&#187; header_2_font=&#187;Poppins|600|||||||&#187; header_2_text_align=&#187;left&#187; header_2_font_size=&#187;36px&#187; header_2_line_height=&#187;1.4em&#187; module_alignment=&#187;center&#187; custom_margin=&#187;||||false|false&#187; animation_style=&#187;slide&#187; animation_direction=&#187;top&#187; animation_intensity_slide=&#187;10%&#187; animation_starting_opacity=&#187;100%&#187; global_colors_info=&#187;{}&#187;]<\/p>\n<h2>Vorgehen<\/h2>\n<p>Interaktive Fragen, gestellt an ein Team von Spezialisten, f\u00fchren zu neuen und besseren L\u00f6sungen. Die gleiche Vorgehensweise, interaktive Fragestellung, wird auch angewandt, um die Herstellbarkeit dieser neuen L\u00f6sung auf Kosten- und Qualit\u00e4tsoptimierungen zu untersuchen. Die jeweils vom DFA-Werkzeug parallel ermittelten Kenn- und Kostenwerte verhelfen kostenorientiert das weitere Optimieren der L\u00f6sungen im jeweils n\u00e4chsten tieferen Detaillierungsschritt.<\/p>\n<p>Damit unterst\u00fctzt die Dienstleistung das Team bei der sukzessiven Optimierung vom Groben ins Feine d.h. beim Finden der ersten konzeptionellen L\u00f6sungsans\u00e4tze \u00fcber die Ausarbeitung der Details und den verschiedenen Freigaben von der Detaillierung, \u00fcber Prototypen bis zum Start der Produktion.[\/et_pb_text][et_pb_image src=&#187;https:\/\/dfma.de\/wp-content\/uploads\/2022\/06\/vorgehen-dfa.png&#187; title_text=&#187;vorgehen-dfa&#187; align=&#187;center&#187; _builder_version=&#187;4.17.4&#8243; _module_preset=&#187;default&#187; global_colors_info=&#187;{}&#187;][\/et_pb_image][\/et_pb_column][\/et_pb_row][\/et_pb_section][et_pb_section fb_built=&#187;1&#8243; admin_label=&#187;Feature Section&#187; _builder_version=&#187;4.17.4&#8243; _module_preset=&#187;default&#187; background_color=&#187;#f7f7f7&#8243; background_color_gradient_direction=&#187;90deg&#187; background_image=&#187;https:\/\/dfma.de\/wp-content\/uploads\/2022\/06\/section-bg-heptagon-right2.png&#187; background_position=&#187;bottom_center&#187; custom_padding=&#187;89px||90px|&#187; global_colors_info=&#187;{}&#187;][et_pb_row _builder_version=&#187;4.17.4&#8243; _module_preset=&#187;default&#187; global_colors_info=&#187;{}&#187;][et_pb_column type=&#187;4_4&#8243; _builder_version=&#187;4.17.4&#8243; _module_preset=&#187;default&#187; global_colors_info=&#187;{}&#187;][et_pb_text admin_label=&#187;Title&#187; _builder_version=&#187;4.17.4&#8243; _module_preset=&#187;default&#187; text_font=&#187;Poppins||||||||&#187; text_font_size=&#187;16px&#187; text_line_height=&#187;1.8em&#187; header_font=&#187;||||||||&#187; header_2_font=&#187;Poppins|600|||||||&#187; header_2_text_align=&#187;center&#187; header_2_font_size=&#187;36px&#187; header_2_line_height=&#187;1.4em&#187; text_orientation=&#187;center&#187; module_alignment=&#187;center&#187; custom_margin=&#187;||||false|false&#187; animation_style=&#187;slide&#187; animation_direction=&#187;top&#187; animation_intensity_slide=&#187;10%&#187; animation_starting_opacity=&#187;100%&#187; global_colors_info=&#187;{}&#187;]<\/p>\n<h2>Das DFA-Tool<\/h2>\n<p>Stellt Fragen bez\u00fcglich Funktionalit\u00e4t (physikalische Ebene) und kosten beeinflussender Aspekte wie z.\u00a0B.: der Struktur (Produktkomplexit\u00e4t), Laufzeiten und der Montierbarkeit.<\/p>\n<p>Die dabei vom Werkzeug ermittelten Werte \u00fcber den zu erwartenden Aufwand (Montagezeiten, Montagekosten) und Kennwerte sagen aus, wie einfach oder schwierig das herzustellende Produkt sein wird.[\/et_pb_text][\/et_pb_column][\/et_pb_row][\/et_pb_section][et_pb_section fb_built=&#187;1&#8243; admin_label=&#187;Feature Section&#187; _builder_version=&#187;4.17.4&#8243; _module_preset=&#187;default&#187; background_enable_color=&#187;off&#187; background_color_gradient_direction=&#187;90deg&#187; background_enable_image=&#187;off&#187; background_position=&#187;bottom_center&#187; custom_padding=&#187;89px||90px|&#187; global_colors_info=&#187;{}&#187;][et_pb_row column_structure=&#187;1_2,1_2&#8243; _builder_version=&#187;4.17.4&#8243; _module_preset=&#187;default&#187; global_colors_info=&#187;{}&#187;][et_pb_column type=&#187;1_2&#8243; _builder_version=&#187;4.17.4&#8243; _module_preset=&#187;default&#187; global_colors_info=&#187;{}&#187;][et_pb_image src=&#187;https:\/\/dfma.de\/wp-content\/uploads\/2022\/06\/dfa_ps1_klein.jpg&#187; title_text=&#187;dfa_ps1_klein&#187; _builder_version=&#187;4.17.4&#8243; _module_preset=&#187;default&#187; global_colors_info=&#187;{}&#187;][\/et_pb_image][\/et_pb_column][et_pb_column type=&#187;1_2&#8243; _builder_version=&#187;4.17.4&#8243; _module_preset=&#187;default&#187; global_colors_info=&#187;{}&#187;][et_pb_text admin_label=&#187;Title&#187; _builder_version=&#187;4.17.4&#8243; _module_preset=&#187;default&#187; text_font=&#187;Poppins||||||||&#187; text_font_size=&#187;16px&#187; text_line_height=&#187;1.8em&#187; header_font=&#187;||||||||&#187; header_2_font=&#187;Poppins|600|||||||&#187; header_2_text_align=&#187;left&#187; header_2_font_size=&#187;36px&#187; header_2_line_height=&#187;1.4em&#187; module_alignment=&#187;center&#187; custom_margin=&#187;||||false|false&#187; animation_style=&#187;slide&#187; animation_direction=&#187;top&#187; animation_intensity_slide=&#187;10%&#187; animation_starting_opacity=&#187;100%&#187; global_colors_info=&#187;{}&#187;]<\/p>\n<h2>\nEin Beispiel aus den verschiedenen &#171;DFA-Fragefenstern&#187;<\/h2>\n<p>Hier konkret dargestellt, Handhabungs-, F\u00fcge- und Transportprobleme sowie Fragen zu Analyse der Funktionsabgrenzung.<\/p>\n<p>Angezeigt werden z.\u00a0B. die Montagezeit sowie deren Kosten f\u00fcr die bisher registrierten Aufwendungen, respektive die Probleme, die mit dem untersuchten Teil auftreten, sowie auch den Aufwand f\u00fcr das ganze Produkt.[\/et_pb_text][\/et_pb_column][\/et_pb_row][\/et_pb_section][et_pb_section fb_built=&#187;1&#8243; admin_label=&#187;Feature Section&#187; _builder_version=&#187;4.17.4&#8243; _module_preset=&#187;default&#187; background_color=&#187;#f7f7f7&#8243; background_color_gradient_direction=&#187;90deg&#187; background_image=&#187;https:\/\/dfma.de\/wp-content\/uploads\/2022\/06\/section-bg-heptagon-right3-1.png&#187; background_position=&#187;bottom_center&#187; custom_padding=&#187;89px||90px|&#187; global_colors_info=&#187;{}&#187;][et_pb_row _builder_version=&#187;4.17.4&#8243; _module_preset=&#187;default&#187; global_colors_info=&#187;{}&#187;][et_pb_column type=&#187;4_4&#8243; _builder_version=&#187;4.17.4&#8243; _module_preset=&#187;default&#187; global_colors_info=&#187;{}&#187;][et_pb_text admin_label=&#187;Title&#187; _builder_version=&#187;4.17.4&#8243; _module_preset=&#187;default&#187; text_font=&#187;Poppins||||||||&#187; text_font_size=&#187;16px&#187; text_line_height=&#187;1.8em&#187; header_font=&#187;||||||||&#187; header_2_font=&#187;Poppins|600|||||||&#187; header_2_text_align=&#187;center&#187; header_2_font_size=&#187;36px&#187; header_2_line_height=&#187;1.4em&#187; text_orientation=&#187;center&#187; module_alignment=&#187;center&#187; custom_margin=&#187;||||false|false&#187; animation_style=&#187;slide&#187; animation_direction=&#187;top&#187; animation_intensity_slide=&#187;10%&#187; animation_starting_opacity=&#187;100%&#187; global_colors_info=&#187;{}&#187;]<\/p>\n<h2>Die DFA-Fragefenster<\/h2>\n<p>Sind so aufgebaut, dass sie eine DFA Analyse beim Beantworten der Fragen durchf\u00fchren.<br \/>\nBasierend auf Teilegeometrie, Handhabungs- und F\u00fcgeprobleme und einem Minimum an Teilekriterien.<\/p>\n<p>Mit diesen variablen Informationen k\u00f6nnen die verantwortlichen Ingenieure\/ Konstrukteure Entscheidungen treffen. z.\u00a0B. wo und in welche Richtung eine Optimierung sinnvollerweise zu erfolgen hat, basierend auf konkreten Kosten und Zeiten, mit dem Ziel das Produkt so kosteng\u00fcnstig wie m\u00f6glich zu gestalten, oder die Sicherheit zu erh\u00f6hen.<\/p>\n<p>Im Lernprozess und Austausch von Informationen werden die kompletten Abl\u00e4ufe respektive Operationen direkt auf der Strukturliste dargestellt. Die Resultate erscheinen als Block in der Baumstruktur.<\/p>\n<p>Diese Fragen sind alle auf das Aussehen des Produktentwurfs bezogen, welchen Einfluss sie auf die gesamte Montagezeit und Kosten haben, und dann auf der Strukturliste zu sehen sind.[\/et_pb_text][\/et_pb_column][\/et_pb_row][\/et_pb_section][et_pb_section fb_built=&#187;1&#8243; admin_label=&#187;Feature Section&#187; _builder_version=&#187;4.17.4&#8243; _module_preset=&#187;default&#187; background_enable_color=&#187;off&#187; background_color_gradient_direction=&#187;90deg&#187; background_enable_image=&#187;off&#187; background_position=&#187;bottom_center&#187; custom_padding=&#187;89px||90px|&#187; global_colors_info=&#187;{}&#187;][et_pb_row column_structure=&#187;1_2,1_2&#8243; _builder_version=&#187;4.17.4&#8243; _module_preset=&#187;default&#187; global_colors_info=&#187;{}&#187;][et_pb_column type=&#187;1_2&#8243; _builder_version=&#187;4.17.4&#8243; _module_preset=&#187;default&#187; global_colors_info=&#187;{}&#187;][et_pb_image src=&#187;https:\/\/dfma.de\/wp-content\/uploads\/2022\/06\/dfa_ps2_gross.jpg&#187; title_text=&#187;dfa_ps2_gross&#187; _builder_version=&#187;4.17.4&#8243; _module_preset=&#187;default&#187; global_colors_info=&#187;{}&#187;][\/et_pb_image][\/et_pb_column][et_pb_column type=&#187;1_2&#8243; _builder_version=&#187;4.17.4&#8243; _module_preset=&#187;default&#187; global_colors_info=&#187;{}&#187;][et_pb_text admin_label=&#187;Title&#187; _builder_version=&#187;4.17.4&#8243; _module_preset=&#187;default&#187; text_font=&#187;Poppins||||||||&#187; text_font_size=&#187;16px&#187; text_line_height=&#187;1.8em&#187; header_font=&#187;||||||||&#187; header_2_font=&#187;Poppins|600|||||||&#187; header_2_text_align=&#187;left&#187; header_2_font_size=&#187;36px&#187; header_2_line_height=&#187;1.4em&#187; module_alignment=&#187;center&#187; custom_margin=&#187;||||false|false&#187; animation_style=&#187;slide&#187; animation_direction=&#187;top&#187; animation_intensity_slide=&#187;10%&#187; animation_starting_opacity=&#187;100%&#187; global_colors_info=&#187;{}&#187;]<\/p>\n<h2>Beispiel eines DFA-Fensters<\/h2>\n<p>Auf einen Blick erkennbar, die Kosten bei einer bestimmten gew\u00e4hlten St\u00fcckzahl.<\/p>\n<p><span style=\"font-weight: 400;\">In weiteren SW-Masken\/ Grafiken werden ausserdem angezeigt:<\/span><\/p>\n<p><span style=\"font-weight: 400;\"><\/span><\/p>\n<ul style=\"font-weight: 400;\">\n<li>Komplexit\u00e4t<\/li>\n<li>Montagezeiten &amp; Kosten<\/li>\n<li>Kosten f\u00fcr Teile und deren Werkzeuge<\/li>\n<li>Verbesserungsvorschl\u00e4ge<\/li>\n<li>Kennwert \u00fcber Einfachheit<\/li>\n<li>Schwierigkeit der L\u00f6sung<\/li>\n<li>L\u00f6sungsvergleiche, bzw. deren Kosten<\/li>\n<li>Einsparungen unterschiedlicher L\u00f6sungen<\/li>\n<li>Summenwerte, z. B. Produktkosten Werkzeugkosten<\/li>\n<\/ul>\n<p>[\/et_pb_text][\/et_pb_column][\/et_pb_row][\/et_pb_section][et_pb_section fb_built=&#187;1&#8243; admin_label=&#187;Feature Section&#187; _builder_version=&#187;4.17.4&#8243; _module_preset=&#187;default&#187; background_color=&#187;#f7f7f7&#8243; background_color_gradient_direction=&#187;90deg&#187; background_enable_image=&#187;off&#187; background_position=&#187;bottom_center&#187; custom_padding=&#187;89px||90px|&#187; global_colors_info=&#187;{}&#187;][et_pb_row _builder_version=&#187;4.17.4&#8243; _module_preset=&#187;default&#187; global_colors_info=&#187;{}&#187;][et_pb_column type=&#187;4_4&#8243; _builder_version=&#187;4.17.4&#8243; _module_preset=&#187;default&#187; global_colors_info=&#187;{}&#187;][et_pb_text admin_label=&#187;Title&#187; _builder_version=&#187;4.17.4&#8243; _module_preset=&#187;default&#187; text_font=&#187;Poppins||||||||&#187; text_font_size=&#187;16px&#187; text_line_height=&#187;1.8em&#187; header_font=&#187;||||||||&#187; header_2_font=&#187;Poppins|600|||||||&#187; header_2_text_align=&#187;center&#187; header_2_font_size=&#187;36px&#187; header_2_line_height=&#187;1.4em&#187; text_orientation=&#187;center&#187; module_alignment=&#187;center&#187; custom_margin=&#187;||||false|false&#187; animation_style=&#187;slide&#187; animation_direction=&#187;top&#187; animation_intensity_slide=&#187;10%&#187; animation_starting_opacity=&#187;100%&#187; global_colors_info=&#187;{}&#187;]<\/p>\n<h2>Vorschl\u00e4ge f\u00fcr Redesign<\/h2>\n<p>Die Graphiken und Vorschl\u00e4ge f\u00fcr Redesign M\u00f6glichkeiten erlaubt nicht nur die schnelle \u00dcberpr\u00fcfung und Darstellung der Ergebnisse der Analyse, sie gestatten auch die Ergebnisse der Mehrfachanalysen (Varianten oder Was\/ Wenn-Analysen) zu vergleichen.[\/et_pb_text][\/et_pb_column][\/et_pb_row][\/et_pb_section][et_pb_section fb_built=&#187;1&#8243; admin_label=&#187;Hero Section&#187; _builder_version=&#187;4.17.4&#8243; _module_preset=&#187;default&#187; background_color_gradient_direction=&#187;100deg&#187; background_image=&#187;https:\/\/dfma.de\/wp-content\/uploads\/2022\/06\/section-bg-hero3.png&#187; custom_padding=&#187;8%||8%|&#187; global_module=&#187;129&#8243; locked=&#187;off&#187; global_colors_info=&#187;{}&#187;][et_pb_row admin_label=&#187;Hero Area&#187; _builder_version=&#187;4.17.4&#8243; _module_preset=&#187;default&#187; background_size=&#187;initial&#187; background_position=&#187;top_left&#187; background_repeat=&#187;repeat&#187; width_tablet=&#187;&#187; width_phone=&#187;90%&#187; width_last_edited=&#187;on|phone&#187; global_colors_info=&#187;{}&#187;][et_pb_column type=&#187;4_4&#8243; _builder_version=&#187;4.16&#8243; _module_preset=&#187;default&#187; custom_padding=&#187;|||&#187; global_colors_info=&#187;{}&#187; custom_padding__hover=&#187;|||&#187;][et_pb_cta title=&#187;Jetzt starten!&#187; button_url=&#187;https:\/\/dfma.de\/anmeldung\/&#187; button_text=&#187;Anmeldung&#187; admin_label=&#187;Hero Text&#187; _builder_version=&#187;4.19.5&#8243; _module_preset=&#187;default&#187; header_level=&#187;h1&#8243; header_font=&#187;Poppins|600|||||||&#187; header_font_size=&#187;48px&#187; header_line_height=&#187;1.4em&#187; body_font=&#187;Poppins||||||||&#187; body_font_size=&#187;18px&#187; body_line_height=&#187;1.8em&#187; use_background_color=&#187;off&#187; custom_button=&#187;on&#187; button_text_size=&#187;14px&#187; button_text_color=&#187;#ffffff&#187; button_bg_color=&#187;#007ab9&#8243; button_border_width=&#187;12px&#187; button_border_color=&#187;#007ab9&#8243; button_letter_spacing=&#187;2px&#187; button_font=&#187;Poppins|600||on|||||&#187; button_icon=&#187;&#x24;||divi||400&#8243; background_layout=&#187;light&#187; max_width=&#187;700px&#187; module_alignment=&#187;center&#187; animation_style=&#187;fade&#187; global_colors_info=&#187;{}&#187; button_text_size__hover_enabled=&#187;off&#187; button_one_text_size__hover_enabled=&#187;off&#187; button_two_text_size__hover_enabled=&#187;off&#187; button_text_color__hover_enabled=&#187;off&#187; button_one_text_color__hover_enabled=&#187;off&#187; button_two_text_color__hover_enabled=&#187;off&#187; button_border_width__hover_enabled=&#187;off&#187; button_one_border_width__hover_enabled=&#187;off&#187; button_two_border_width__hover_enabled=&#187;off&#187; button_border_color__hover_enabled=&#187;off&#187; button_one_border_color__hover_enabled=&#187;off&#187; button_two_border_color__hover_enabled=&#187;off&#187; button_border_radius__hover_enabled=&#187;off&#187; button_one_border_radius__hover_enabled=&#187;off&#187; button_two_border_radius__hover_enabled=&#187;off&#187; button_letter_spacing__hover_enabled=&#187;off&#187; button_one_letter_spacing__hover_enabled=&#187;off&#187; button_two_letter_spacing__hover_enabled=&#187;off&#187; button_bg_color__hover_enabled=&#187;off&#187; button_one_bg_color__hover_enabled=&#187;off&#187; button_two_bg_color__hover_enabled=&#187;off&#187;]<\/p>\n<p>Im DFMA-Forum lernen Sie anhand eines Fallbeispiels und zahlreichen Anwendungsbeispielen die Methodik DFMA<\/p>\n<p>[\/et_pb_cta][\/et_pb_column][\/et_pb_row][\/et_pb_section]<\/p>\n","protected":false},"excerpt":{"rendered":"<p>DFA\u00ae Tools Das DFA Werkzeug wird im ersten Teil der Vorgehensweise zur pr\u00e4ventiven Optimierung der Produktkosten und zur Verbesserung der Qualit\u00e4t eingesetzt.Einsatz Das DFA Werkzeug wird im ersten Teil der Vorgehensweise zur pr\u00e4ventiven Optimierung der Produktkosten und zur Verbesserung der Qualit\u00e4t eingesetzt. Der erste Einsatz erfolgt bereits in der Konzeptphase neuer Produkte oder zu Beginn [&hellip;]<\/p>\n","protected":false},"author":1,"featured_media":0,"parent":0,"menu_order":0,"comment_status":"closed","ping_status":"closed","template":"","meta":{"_et_pb_use_builder":"on","_et_pb_old_content":"","_et_gb_content_width":"","footnotes":""},"class_list":["post-138","page","type-page","status-publish","hentry"],"_links":{"self":[{"href":"https:\/\/dfma.de\/en\/wp-json\/wp\/v2\/pages\/138","targetHints":{"allow":["GET"]}}],"collection":[{"href":"https:\/\/dfma.de\/en\/wp-json\/wp\/v2\/pages"}],"about":[{"href":"https:\/\/dfma.de\/en\/wp-json\/wp\/v2\/types\/page"}],"author":[{"embeddable":true,"href":"https:\/\/dfma.de\/en\/wp-json\/wp\/v2\/users\/1"}],"replies":[{"embeddable":true,"href":"https:\/\/dfma.de\/en\/wp-json\/wp\/v2\/comments?post=138"}],"version-history":[{"count":10,"href":"https:\/\/dfma.de\/en\/wp-json\/wp\/v2\/pages\/138\/revisions"}],"predecessor-version":[{"id":318,"href":"https:\/\/dfma.de\/en\/wp-json\/wp\/v2\/pages\/138\/revisions\/318"}],"wp:attachment":[{"href":"https:\/\/dfma.de\/en\/wp-json\/wp\/v2\/media?parent=138"}],"curies":[{"name":"wp","href":"https:\/\/api.w.org\/{rel}","templated":true}]}}