{"id":118,"date":"2022-06-14T13:42:39","date_gmt":"2022-06-14T11:42:39","guid":{"rendered":"https:\/\/dfma.de\/?page_id=118"},"modified":"2026-04-16T17:30:57","modified_gmt":"2026-04-16T15:30:57","slug":"service","status":"publish","type":"page","link":"https:\/\/dfma.de\/en\/service\/","title":{"rendered":"Service"},"content":{"rendered":"<p>[et_pb_section fb_built=&#187;1&#8243; _builder_version=&#187;4.27.6&#8243; _module_preset=&#187;ed23e0c6-7e79-420e-85bd-8212880af12f&#187; global_colors_info=&#187;{}&#187;][et_pb_row _builder_version=&#187;4.27.6&#8243; _module_preset=&#187;default&#187; global_colors_info=&#187;{}&#187;][et_pb_column type=&#187;4_4&#8243; _builder_version=&#187;4.27.6&#8243; _module_preset=&#187;default&#187; global_colors_info=&#187;{}&#187;][et_pb_text _builder_version=&#187;4.27.6&#8243; _module_preset=&#187;cd3f524f-aef8-40b0-8729-a7c92bfce0bd&#187; global_colors_info=&#187;{}&#187;]<\/p>\n<h1><span style=\"color: #0a0a0a;\">Service<\/span><\/h1>\n<p><span style=\"color: #0a0a0a;\">Kostenreduzierung ist keine Zauberei, sondern geschicktes Management.<\/span><\/p>\n<p>[\/et_pb_text][\/et_pb_column][\/et_pb_row][\/et_pb_section][et_pb_section fb_built=&#187;1&#8243; admin_label=&#187;Yearly Report Section&#187; _builder_version=&#187;4.17.4&#8243; _module_preset=&#187;default&#187; custom_margin=&#187;|||&#187; custom_padding=&#187;90px||2px||false|false&#187; global_colors_info=&#187;{}&#187;][et_pb_row column_structure=&#187;1_2,1_2&#8243; use_custom_gutter=&#187;on&#187; gutter_width=&#187;1&#8243; admin_label=&#187;Yearly Report Area&#187; module_class=&#187; et_pb_row_fullwidth&#187; _builder_version=&#187;4.17.4&#8243; _module_preset=&#187;default&#187; width=&#187;100%&#187; width_tablet=&#187;100%&#187; width_phone=&#187;100%&#187; width_last_edited=&#187;on|desktop&#187; max_width=&#187;100%&#187; max_width_tablet=&#187;100%&#187; max_width_phone=&#187;100%&#187; max_width_last_edited=&#187;on|desktop&#187; custom_padding=&#187;||0px||false|false&#187; make_fullwidth=&#187;on&#187; global_colors_info=&#187;{}&#187;][et_pb_column type=&#187;1_2&#8243; _builder_version=&#187;4.16&#8243; _module_preset=&#187;default&#187; custom_padding=&#187;|||&#187; global_colors_info=&#187;{}&#187; custom_padding__hover=&#187;|||&#187;][et_pb_image src=&#187;https:\/\/dfma.de\/wp-content\/uploads\/2022\/06\/cnc-laser-cutting-of-metal-modern-industrial-tech.jpg&#187; title_text=&#187;cnc-laser-cutting-of-metal-modern-industrial-tech&#187; force_fullwidth=&#187;on&#187; align_tablet=&#187;center&#187; align_phone=&#187;center&#187; align_last_edited=&#187;on|desktop&#187; _builder_version=&#187;4.17.4&#8243; _module_preset=&#187;default&#187; animation_style=&#187;fade&#187; global_colors_info=&#187;{}&#187;][\/et_pb_image][\/et_pb_column][et_pb_column type=&#187;1_2&#8243; _builder_version=&#187;4.16&#8243; _module_preset=&#187;default&#187; custom_padding=&#187;180px|12%|180px|8%&#187; global_colors_info=&#187;{}&#187; custom_padding__hover=&#187;|||&#187;][et_pb_cta title=&#187;In der Produktentstehung wird \u00fcber Gewinn oder Verlust entschieden&#187; button_url=&#187;#&#187; admin_label=&#187;Last Year Report Text&#187; _builder_version=&#187;4.17.4&#8243; _module_preset=&#187;default&#187; header_font=&#187;Poppins|600|||||||&#187; header_font_size=&#187;36px&#187; header_line_height=&#187;1.4em&#187; body_font=&#187;Poppins||||||||&#187; body_font_size=&#187;16px&#187; body_line_height=&#187;1.8em&#187; use_background_color=&#187;off&#187; custom_button=&#187;on&#187; button_text_size=&#187;14px&#187; button_text_color=&#187;#ffffff&#187; button_bg_color=&#187;#8b20bb&#187; button_border_width=&#187;12px&#187; button_border_color=&#187;#8b20bb&#187; button_letter_spacing=&#187;2px&#187; button_font=&#187;Poppins|600||on|||||&#187; button_icon=&#187;&#x24;||divi||400&#8243; text_orientation=&#187;left&#187; background_layout=&#187;light&#187; animation_style=&#187;slide&#187; animation_direction=&#187;right&#187; animation_intensity_slide=&#187;10%&#187; animation_starting_opacity=&#187;100%&#187; header_font_size_tablet=&#187;36px&#187; header_font_size_phone=&#187;28px&#187; header_font_size_last_edited=&#187;on|phone&#187; global_colors_info=&#187;{}&#187; button_text_size__hover_enabled=&#187;off&#187; button_one_text_size__hover_enabled=&#187;off&#187; button_two_text_size__hover_enabled=&#187;off&#187; button_text_color__hover_enabled=&#187;off&#187; button_one_text_color__hover_enabled=&#187;off&#187; button_two_text_color__hover_enabled=&#187;off&#187; button_border_width__hover_enabled=&#187;off&#187; button_one_border_width__hover_enabled=&#187;off&#187; button_two_border_width__hover_enabled=&#187;off&#187; button_border_color__hover_enabled=&#187;off&#187; button_one_border_color__hover_enabled=&#187;off&#187; button_two_border_color__hover_enabled=&#187;off&#187; button_border_radius__hover_enabled=&#187;off&#187; button_one_border_radius__hover_enabled=&#187;off&#187; button_two_border_radius__hover_enabled=&#187;off&#187; button_letter_spacing__hover_enabled=&#187;off&#187; button_one_letter_spacing__hover_enabled=&#187;off&#187; button_two_letter_spacing__hover_enabled=&#187;off&#187; button_bg_color__hover_enabled=&#187;off&#187; button_one_bg_color__hover_enabled=&#187;off&#187; button_two_bg_color__hover_enabled=&#187;off&#187;]<\/p>\n<p>Basierend auf der Erfahrung, dass 70\u00a0% der Fertigungs- und Montagekosten eines Produktes bereits im Entstehungsprozess festgeschrieben werden, entwickelte Dr. Geoffrey Boothroyd, Wissenschaftler an der University of Salford, Richtlinien.<\/p>\n<p>Diese Richtlinien finden Ausdruck in DFMA und bieten Anregung zur Entwicklung eines verbesserten Produkt-Gesamtkonzeptes. Ausgehend von diesem Konzept erfolgt anschliessend die Optimierung bzgl. Herstellbarkeit, Kosten und Qualit\u00e4t.<\/p>\n<p>Durch den gezielten Einsatz von DFMA \u2013 das neue Produkte bereits im Entstehungsprozess auf ihre Herstellbarkeit und deren Verbesserungen hin analysiert \u2013 wird sichergestellt, dass notwendige \u00c4nderungen am Produkt so fr\u00fchzeitig erkannt und vorgenommen werden, dass der \u00c4nderungsaufwand den \u00c4nderungsnutzen nicht \u00fcbersteigt.<\/p>\n<p>Es entstehen L\u00f6sungen mit einer klaren Produktstruktur, die aus einer minimalen Anzahl von Bauteilen gef\u00fcgt sind. Die konsequente Anwendung und Umsetzung von DFMA machte es beispielsweise m\u00f6glich, die Anzahl der Teile um 30\u201370% zu reduzieren.<\/p>\n<p>[\/et_pb_cta][\/et_pb_column][\/et_pb_row][\/et_pb_section][et_pb_section fb_built=&#187;1&#8243; admin_label=&#187;Project Details Section&#187; _builder_version=&#187;4.17.4&#8243; _module_preset=&#187;default&#187; background_color=&#187;#f9f9f9&#8243; background_enable_image=&#187;off&#187; background_size=&#187;contain&#187; background_position=&#187;bottom_center&#187; custom_padding=&#187;90px||90px|&#187; global_colors_info=&#187;{}&#187;][et_pb_row admin_label=&#187;Project Summary&#187; _builder_version=&#187;4.16&#8243; _module_preset=&#187;default&#187; custom_padding=&#187;|||&#187; global_colors_info=&#187;{}&#187;][et_pb_column type=&#187;4_4&#8243; _builder_version=&#187;4.16&#8243; _module_preset=&#187;default&#187; custom_padding=&#187;|||&#187; global_colors_info=&#187;{}&#187; custom_padding__hover=&#187;|||&#187;][et_pb_text admin_label=&#187;Title&#187; _builder_version=&#187;4.17.4&#8243; _module_preset=&#187;default&#187; text_font=&#187;Poppins||||||||&#187; text_font_size=&#187;16px&#187; text_line_height=&#187;1.8em&#187; ul_font=&#187;||||||||&#187; ol_font=&#187;||||||||&#187; header_font=&#187;||||||||&#187; header_2_font=&#187;Poppins|600|||||||&#187; header_2_font_size=&#187;36px&#187; header_2_line_height=&#187;1.4em&#187; text_orientation=&#187;center&#187; animation_style=&#187;fold&#187; animation_direction=&#187;bottom&#187; animation_intensity_fold=&#187;10%&#187; animation_starting_opacity=&#187;100%&#187; global_colors_info=&#187;{}&#187;]<\/p>\n<h2>Zielkostenmanagement und DFMA<\/h2>\n<p>Ein K\u00e4ufer ist bereit, f\u00fcr den Nutzen, den er aus einem Produkt zieht, einen gewissen Preis zu zahlen. Dieser extern ermittelte Preis wird im Zielkostenmanagement der internen Kostenkalkulation gegen\u00fcbergestellt. Ist der ermittelte Verkaufspreis niedriger oder der erzielbare Gewinn zu gering, muss nach L\u00f6sungen gesucht werden. Mit allen Mitteln der Produktgestaltung m\u00fcssen Wege gefunden werden, wie mit dem gegebenen Marktpreis ein zufriedenstellender Gewinn erzielt werden kann.<\/p>\n<p>Auch aus diesem Blickwinkel bietet Ihnen DFMA unsch\u00e4tzbare Hilfestellung. Der Spagat zwischen Marktpreis und Gewinn wird mit DFMA leichter, da neue Strategien zur Produktgestaltung entwickelt werden.<\/p>\n<p>[\/et_pb_text][\/et_pb_column][\/et_pb_row][et_pb_row admin_label=&#187;Project Strategy&#187; _builder_version=&#187;4.16&#8243; _module_preset=&#187;default&#187; custom_margin=&#187;|||&#187; custom_padding=&#187;|||&#187; global_colors_info=&#187;{}&#187;][et_pb_column type=&#187;4_4&#8243; _builder_version=&#187;4.16&#8243; _module_preset=&#187;default&#187; custom_padding=&#187;|||&#187; global_colors_info=&#187;{}&#187; custom_padding__hover=&#187;|||&#187;][et_pb_text ul_type=&#187;circle&#187; ul_position=&#187;inside&#187; admin_label=&#187;Title&#187; _builder_version=&#187;4.17.4&#8243; _module_preset=&#187;default&#187; text_font=&#187;Poppins||||||||&#187; text_font_size=&#187;16px&#187; text_line_height=&#187;1.8em&#187; ul_font=&#187;||||||||&#187; ul_line_height=&#187;2em&#187; ol_font=&#187;||||||||&#187; header_font=&#187;||||||||&#187; header_2_font=&#187;Poppins|600|||||||&#187; header_2_font_size=&#187;36px&#187; header_2_line_height=&#187;1.4em&#187; text_orientation=&#187;center&#187; animation_style=&#187;fold&#187; animation_direction=&#187;bottom&#187; animation_intensity_fold=&#187;10%&#187; animation_starting_opacity=&#187;100%&#187; global_colors_info=&#187;{}&#187;]<\/p>\n<h2>Teamwork und Verantwortung bei DFMA<\/h2>\n<p>Methodisches Vorgehen und Teamarbeit schafft Erfolge. Ein interdisziplin\u00e4res Team aus allen beteiligten Bereichen nimmt das Produkt genauestens unter die Lupe. Bei DFMA arbeiten Konstruktion, Produktion, Montage, Qualit\u00e4tssicherung, Produktionsplanung und Kalkulation zusammen.<\/p>\n<p>Es gibt keine \u00dcberbelastung einzelner Abteilungen, zusammen werden im Vorfeld die Konsequenzen des Entwurfs auf Herstellungsprozesse, Montage und Herstellkosten beleuchtet. Dadurch treten viele der \u00fcblichen Probleme erst gar nicht in Erscheinung oder k\u00f6nnen bereits im Ansatz gel\u00f6st werden.<\/p>\n<p>[\/et_pb_text][\/et_pb_column][\/et_pb_row][et_pb_row column_structure=&#187;1_4,1_4,1_4,1_4&#8243; admin_label=&#187;Statistics&#187; _builder_version=&#187;4.17.4&#8243; _module_preset=&#187;default&#187; width=&#187;100%&#187; max_width=&#187;80%&#187; custom_margin=&#187;37px|auto||auto||&#187; custom_padding=&#187;|||&#187; global_colors_info=&#187;{}&#187;][et_pb_column type=&#187;1_4&#8243; _builder_version=&#187;4.16&#8243; _module_preset=&#187;default&#187; custom_padding=&#187;|||&#187; global_colors_info=&#187;{}&#187; custom_padding__hover=&#187;|||&#187;][et_pb_number_counter title=&#187;Entwicklungszeitverk\u00fcrzung&#187; number=&#187;50&#8243; _builder_version=&#187;4.17.4&#8243; _module_preset=&#187;default&#187; title_font=&#187;Poppins||||||||&#187; number_font=&#187;Poppins||||||||&#187; number_text_color=&#187;#4f4f4f&#187; number_font_size=&#187;80px&#187; number_line_height=&#187;80px&#187; global_colors_info=&#187;{}&#187;][\/et_pb_number_counter][\/et_pb_column][et_pb_column type=&#187;1_4&#8243; _builder_version=&#187;4.16&#8243; _module_preset=&#187;default&#187; custom_padding=&#187;|||&#187; global_colors_info=&#187;{}&#187; custom_padding__hover=&#187;|||&#187;][et_pb_number_counter title=&#187;Teilereduzierung&#187; number=&#187;54&#8243; _builder_version=&#187;4.17.4&#8243; _module_preset=&#187;default&#187; title_font=&#187;Poppins||||||||&#187; number_font=&#187;Poppins||||||||&#187; number_text_color=&#187;#4f4f4f&#187; number_font_size=&#187;80px&#187; number_line_height=&#187;80px&#187; global_colors_info=&#187;{}&#187;][\/et_pb_number_counter][\/et_pb_column][et_pb_column type=&#187;1_4&#8243; _builder_version=&#187;4.16&#8243; _module_preset=&#187;default&#187; custom_padding=&#187;|||&#187; global_colors_info=&#187;{}&#187; custom_padding__hover=&#187;|||&#187;][et_pb_number_counter title=&#187;Montagezeitverk\u00fcrzung&#187; number=&#187;60&#8243; _builder_version=&#187;4.17.4&#8243; _module_preset=&#187;default&#187; title_font=&#187;Poppins||||||||&#187; number_font=&#187;Poppins||||||||&#187; number_text_color=&#187;#4f4f4f&#187; number_font_size=&#187;80px&#187; number_line_height=&#187;80px&#187; global_colors_info=&#187;{}&#187;][\/et_pb_number_counter][\/et_pb_column][et_pb_column type=&#187;1_4&#8243; _builder_version=&#187;4.16&#8243; _module_preset=&#187;default&#187; custom_padding=&#187;|||&#187; global_colors_info=&#187;{}&#187; custom_padding__hover=&#187;|||&#187;][et_pb_number_counter title=&#187;Investitionskostensenkung&#187; number=&#187;50&#8243; _builder_version=&#187;4.17.4&#8243; _module_preset=&#187;default&#187; title_font=&#187;Poppins||||||||&#187; number_font=&#187;Poppins||||||||&#187; number_text_color=&#187;#4f4f4f&#187; number_font_size=&#187;80px&#187; number_line_height=&#187;80px&#187; global_colors_info=&#187;{}&#187;][\/et_pb_number_counter][\/et_pb_column][\/et_pb_row][\/et_pb_section][et_pb_section fb_built=&#187;1&#8243; admin_label=&#187;Hero Section&#187; _builder_version=&#187;4.27.6&#8243; _module_preset=&#187;default&#187; background_color=&#187;#FFFFFF&#187; background_color_gradient_direction=&#187;100deg&#187; background_image=&#187;https:\/\/dfma.de\/wp-content\/uploads\/2022\/06\/section-bg-hero3.png&#187; background_enable_image=&#187;off&#187; min_height=&#187;364.4px&#187; custom_padding=&#187;0%||0%|||&#187; global_module=&#187;129&#8243; saved_tabs=&#187;all&#187; locked=&#187;off&#187; global_colors_info=&#187;{}&#187;][et_pb_row admin_label=&#187;Hero Area&#187; _builder_version=&#187;4.17.4&#8243; _module_preset=&#187;default&#187; background_size=&#187;initial&#187; background_position=&#187;top_left&#187; background_repeat=&#187;repeat&#187; width_tablet=&#187;&#187; width_phone=&#187;90%&#187; width_last_edited=&#187;on|phone&#187; global_colors_info=&#187;{}&#187;][et_pb_column type=&#187;4_4&#8243; _builder_version=&#187;4.16&#8243; _module_preset=&#187;default&#187; custom_padding=&#187;|||&#187; global_colors_info=&#187;{}&#187; custom_padding__hover=&#187;|||&#187;][et_pb_cta title=&#187;Lernen Sie DFMA kennen &#8211; Nehmen Sie am Forum Teil&#187; button_url=&#187;@ET-DC@eyJkeW5hbWljIjp0cnVlLCJjb250ZW50IjoicG9zdF9saW5rX3VybF9wYWdlIiwic2V0dGluZ3MiOnsicG9zdF9pZCI6IjIwOSJ9fQ==@&#187; button_text=&#187;Anmeldung&#187; admin_label=&#187;Hero Text&#187; _builder_version=&#187;4.27.6&#8243; _dynamic_attributes=&#187;button_url&#187; _module_preset=&#187;default&#187; header_level=&#187;h1&#8243; header_font=&#187;Poppins|600|||||||&#187; header_font_size=&#187;48px&#187; header_line_height=&#187;1.4em&#187; body_font=&#187;Poppins||||||||&#187; body_font_size=&#187;18px&#187; body_line_height=&#187;1.8em&#187; use_background_color=&#187;off&#187; custom_button=&#187;on&#187; button_text_size=&#187;14px&#187; button_text_color=&#187;#ffffff&#187; button_bg_color=&#187;#007ab9&#8243; button_border_width=&#187;12px&#187; button_border_color=&#187;#007ab9&#8243; button_letter_spacing=&#187;2px&#187; button_font=&#187;Poppins|600||on|||||&#187; button_icon=&#187;&#x24;||divi||400&#8243; background_layout=&#187;light&#187; max_width=&#187;700px&#187; module_alignment=&#187;center&#187; animation_style=&#187;fade&#187; global_colors_info=&#187;{}&#187; button_text_size__hover_enabled=&#187;off&#187; button_one_text_size__hover_enabled=&#187;off&#187; button_two_text_size__hover_enabled=&#187;off&#187; button_text_color__hover_enabled=&#187;off&#187; button_one_text_color__hover_enabled=&#187;off&#187; button_two_text_color__hover_enabled=&#187;off&#187; button_border_width__hover_enabled=&#187;off&#187; button_one_border_width__hover_enabled=&#187;off&#187; button_two_border_width__hover_enabled=&#187;off&#187; button_border_color__hover_enabled=&#187;off&#187; button_one_border_color__hover_enabled=&#187;off&#187; button_two_border_color__hover_enabled=&#187;off&#187; button_border_radius__hover_enabled=&#187;off&#187; button_one_border_radius__hover_enabled=&#187;off&#187; button_two_border_radius__hover_enabled=&#187;off&#187; button_letter_spacing__hover_enabled=&#187;off&#187; button_one_letter_spacing__hover_enabled=&#187;off&#187; button_two_letter_spacing__hover_enabled=&#187;off&#187; button_bg_color__hover_enabled=&#187;off&#187; button_one_bg_color__hover_enabled=&#187;off&#187; button_two_bg_color__hover_enabled=&#187;off&#187;]<\/p>\n<p>Beim Forum lernen Sie DFMA anhand von Fallbeispielen und Erfolgsgeschichten von DFMA-Anwendern kennen.<\/p>\n<p>[\/et_pb_cta][\/et_pb_column][\/et_pb_row][\/et_pb_section]<\/p>\n","protected":false},"excerpt":{"rendered":"<p>Service Kostenreduzierung ist keine Zauberei, sondern geschicktes Management.Basierend auf der Erfahrung, dass 70\u00a0% der Fertigungs- und Montagekosten eines Produktes bereits im Entstehungsprozess festgeschrieben werden, entwickelte Dr. Geoffrey Boothroyd, Wissenschaftler an der University of Salford, Richtlinien. Diese Richtlinien finden Ausdruck in DFMA und bieten Anregung zur Entwicklung eines verbesserten Produkt-Gesamtkonzeptes. Ausgehend von diesem Konzept erfolgt anschliessend [&hellip;]<\/p>\n","protected":false},"author":1,"featured_media":0,"parent":0,"menu_order":0,"comment_status":"closed","ping_status":"closed","template":"","meta":{"_et_pb_use_builder":"on","_et_pb_old_content":"","_et_gb_content_width":"","footnotes":""},"class_list":["post-118","page","type-page","status-publish","hentry"],"_links":{"self":[{"href":"https:\/\/dfma.de\/en\/wp-json\/wp\/v2\/pages\/118","targetHints":{"allow":["GET"]}}],"collection":[{"href":"https:\/\/dfma.de\/en\/wp-json\/wp\/v2\/pages"}],"about":[{"href":"https:\/\/dfma.de\/en\/wp-json\/wp\/v2\/types\/page"}],"author":[{"embeddable":true,"href":"https:\/\/dfma.de\/en\/wp-json\/wp\/v2\/users\/1"}],"replies":[{"embeddable":true,"href":"https:\/\/dfma.de\/en\/wp-json\/wp\/v2\/comments?post=118"}],"version-history":[{"count":15,"href":"https:\/\/dfma.de\/en\/wp-json\/wp\/v2\/pages\/118\/revisions"}],"predecessor-version":[{"id":699,"href":"https:\/\/dfma.de\/en\/wp-json\/wp\/v2\/pages\/118\/revisions\/699"}],"wp:attachment":[{"href":"https:\/\/dfma.de\/en\/wp-json\/wp\/v2\/media?parent=118"}],"curies":[{"name":"wp","href":"https:\/\/api.w.org\/{rel}","templated":true}]}}